{"id":451,"date":"2022-10-15T15:55:42","date_gmt":"2022-10-15T13:55:42","guid":{"rendered":"https:\/\/assises.csiesr.eu\/2026\/?page_id=451"},"modified":"2026-02-19T09:51:17","modified_gmt":"2026-02-19T08:51:17","slug":"comite-de-programme","status":"publish","type":"page","link":"https:\/\/assises.csiesr.eu\/2026\/comite-de-programme\/","title":{"rendered":"Comit\u00e9 de programme"},"content":{"rendered":"\n<p id=\"h.p_804RZMFJXz3g\">Le Comit\u00e9 de&nbsp;<a href=\"https:\/\/assises.csiesr.eu\/2026\/index.php\/programme\/\">programme des Assises<\/a>&nbsp;est compos\u00e9 de :<\/p>\n\n\n\n<ul class=\"wp-block-list\">\n<li>B\u00e9atrice Bastier &#8211; DSI Universit\u00e9 de Toulouse<\/li>\n\n\n\n<li>Eric Cherel &#8211; Chief Information Officer &#8211; Learning Planet Institute<\/li>\n\n\n\n<li>Julien Dupr\u00e9 &#8211; Directeur du Num\u00e9rique adjoint de l&#8217;Universit\u00e9 de Strasbourg<\/li>\n\n\n\n<li>Florent Fareneau &#8211; Directeur du Num\u00e9rique de l&#8217;UPHF<\/li>\n\n\n\n<li>Yannick Monclin &#8211; Responsable du P\u00f4le d\u2019Aide \u00e0 la D\u00e9cision et Applications M\u00e9tiers<\/li>\n\n\n\n<li>Nina Reigner-Tayar &#8211; Directrice du num\u00e9rique Universit\u00e9 Grenoble Alpes<\/li>\n\n\n\n<li>David Rongeat &#8211; Directeur adjoint de l&#8217;AMUE<\/li>\n\n\n\n<li>Pierre Saulue &#8211; DSI Universit\u00e9 d&#8217;Angers. Pr\u00e9sident du CSIESR<\/li>\n\n\n\n<li>Emmanuelle Vivier &#8211; Vice-pr\u00e9sidente du CSIESR<\/li>\n<\/ul>\n\n\n\n<p>Le Comit\u00e9 de Programme s\u00e9lectionne les propositions de contributions pour \u00e9laborer un programme de qualit\u00e9 qui favorise les \u00e9changes et qui correspond \u00e0 l&#8217;actualit\u00e9 des \u00e9tablissements adh\u00e9rents du CSIESR.<\/p>\n\n\n\n<p id=\"h.p_RHpjNXWLYGKc\">Pour \u00e9crire au comit\u00e9 de programme : <a href=\"mailto:assises-prog@csiesr.eu\">coprog-assises@csiesr.fr<\/a><\/p>\n\n\n\n<p><\/p>\n","protected":false},"excerpt":{"rendered":"<p>Le Comit\u00e9 de&nbsp;programme des Assises&nbsp;est compos\u00e9 de : Le Comit\u00e9 de Programme s\u00e9lectionne les propositions de contributions pour \u00e9laborer un [&hellip;]<\/p>\n","protected":false},"author":1,"featured_media":0,"parent":0,"menu_order":0,"comment_status":"closed","ping_status":"closed","template":"page-templates\/template_fullwidth.php","meta":{"_eb_attr":"","footnotes":""},"class_list":["post-451","page","type-page","status-publish","hentry","col-lg-4 col-md-6"],"_links":{"self":[{"href":"https:\/\/assises.csiesr.eu\/2026\/wp-json\/wp\/v2\/pages\/451","targetHints":{"allow":["GET"]}}],"collection":[{"href":"https:\/\/assises.csiesr.eu\/2026\/wp-json\/wp\/v2\/pages"}],"about":[{"href":"https:\/\/assises.csiesr.eu\/2026\/wp-json\/wp\/v2\/types\/page"}],"author":[{"embeddable":true,"href":"https:\/\/assises.csiesr.eu\/2026\/wp-json\/wp\/v2\/users\/1"}],"replies":[{"embeddable":true,"href":"https:\/\/assises.csiesr.eu\/2026\/wp-json\/wp\/v2\/comments?post=451"}],"version-history":[{"count":11,"href":"https:\/\/assises.csiesr.eu\/2026\/wp-json\/wp\/v2\/pages\/451\/revisions"}],"predecessor-version":[{"id":2479,"href":"https:\/\/assises.csiesr.eu\/2026\/wp-json\/wp\/v2\/pages\/451\/revisions\/2479"}],"wp:attachment":[{"href":"https:\/\/assises.csiesr.eu\/2026\/wp-json\/wp\/v2\/media?parent=451"}],"curies":[{"name":"wp","href":"https:\/\/api.w.org\/{rel}","templated":true}]}}