{"id":449,"date":"2022-10-15T15:54:53","date_gmt":"2022-10-15T13:54:53","guid":{"rendered":"https:\/\/assises.csiesr.eu\/2026\/?page_id=449"},"modified":"2026-02-13T16:16:52","modified_gmt":"2026-02-13T15:16:52","slug":"comite-dorganisation","status":"publish","type":"page","link":"https:\/\/assises.csiesr.eu\/2026\/comite-dorganisation\/","title":{"rendered":"Comit\u00e9 d&#8217;organisation"},"content":{"rendered":"\n<p>Le comit\u00e9 d\u2019organisation des Assises est compos\u00e9 de :<\/p>\n\n\n\n<ul class=\"wp-block-list\">\n<li>Harry Claisse , Universit\u00e9 de Technologie de Compi\u00e8gne<\/li>\n\n\n\n<li>Dominique Colla, Universit\u00e9 de Bordeaux<\/li>\n\n\n\n<li>Patricia Dauguet, CSIESR<\/li>\n\n\n\n<li>Agn\u00e8s Corral-Molina, Universit\u00e9 de Montpellier Paul-Val\u00e9ry<\/li>\n\n\n\n<li>Laurent Flory, Cellule Nationale Logicielle<\/li>\n\n\n\n<li>Sylvie Haouy, Universit\u00e9 Cote d\u2019Azur<\/li>\n\n\n\n<li>Bruno Leplus, Universit\u00e9 de Lille<\/li>\n\n\n\n<li>M\u00e9lanie Roesner, CSIESR<\/li>\n\n\n\n<li>Pierre Saulue, Universit\u00e9 d\u2019Angers<\/li>\n\n\n\n<li>Bruno Urbero, Cellule Nationale Logicielle<\/li>\n\n\n\n<li>Emmanuelle Vivier, Vice-pr\u00e9sidente du CSIESR<\/li>\n<\/ul>\n\n\n\n<ul class=\"wp-block-list\">\n<li>Appli mobile et captation audiovisuelle :\n<ul class=\"wp-block-list\">\n<li>Julien Dupr\u00e9, Universit\u00e9 de Strasbourg<\/li>\n\n\n\n<li>Cr\u00e9acut, Bordeaux<\/li>\n<\/ul>\n<\/li>\n<\/ul>\n\n\n\n<ul class=\"wp-block-list\">\n<li>Conception graphique et site internet\n<ul class=\"wp-block-list\">\n<li>Pierre Fardel, Universit\u00e9 de Picardie Jules Verne<\/li>\n\n\n\n<li>Adrien Ponchelet, Universit\u00e9 de Picardie Jules Verne<\/li>\n\n\n\n<li>M\u00e9lanie Roesner, CSIESR<\/li>\n<\/ul>\n<\/li>\n<\/ul>\n\n\n\n<ul class=\"wp-block-list\">\n<li>Relations soci\u00e9t\u00e9s partenaires :\n<ul class=\"wp-block-list\">\n<li>Agn\u00e8s Corral-Molina, Universit\u00e9 de Montpellier Paul-Val\u00e9ry<\/li>\n\n\n\n<li>Laurent Flory, Cellule Nationale Logicielle<\/li>\n\n\n\n<li>M\u00e9lanie Roesner, CSIESR<\/li>\n<\/ul>\n<\/li>\n<\/ul>\n\n\n\n<p id=\"h.p_4UJoiaACanFQ\">Le comit\u00e9 d\u2019organisation est en charge de la logistique de l\u2019\u00e9v\u00e9nement et des relations avec les partenaires.<\/p>\n\n\n\n<p>Pour \u00e9crire au comit\u00e9 d\u2019organisation :&nbsp;<a href=\"mailto:assises.org@csiesr.eu\">assises.org@csiesr.eu<\/a><\/p>\n\n\n\n<p><\/p>\n","protected":false},"excerpt":{"rendered":"<p>Le comit\u00e9 d\u2019organisation des Assises est compos\u00e9 de : Le comit\u00e9 d\u2019organisation est en charge de la logistique de l\u2019\u00e9v\u00e9nement [&hellip;]<\/p>\n","protected":false},"author":1,"featured_media":0,"parent":0,"menu_order":0,"comment_status":"closed","ping_status":"closed","template":"page-templates\/template_fullwidth.php","meta":{"_eb_attr":"","footnotes":""},"class_list":["post-449","page","type-page","status-publish","hentry","col-lg-4 col-md-6"],"_links":{"self":[{"href":"https:\/\/assises.csiesr.eu\/2026\/wp-json\/wp\/v2\/pages\/449","targetHints":{"allow":["GET"]}}],"collection":[{"href":"https:\/\/assises.csiesr.eu\/2026\/wp-json\/wp\/v2\/pages"}],"about":[{"href":"https:\/\/assises.csiesr.eu\/2026\/wp-json\/wp\/v2\/types\/page"}],"author":[{"embeddable":true,"href":"https:\/\/assises.csiesr.eu\/2026\/wp-json\/wp\/v2\/users\/1"}],"replies":[{"embeddable":true,"href":"https:\/\/assises.csiesr.eu\/2026\/wp-json\/wp\/v2\/comments?post=449"}],"version-history":[{"count":11,"href":"https:\/\/assises.csiesr.eu\/2026\/wp-json\/wp\/v2\/pages\/449\/revisions"}],"predecessor-version":[{"id":2196,"href":"https:\/\/assises.csiesr.eu\/2026\/wp-json\/wp\/v2\/pages\/449\/revisions\/2196"}],"wp:attachment":[{"href":"https:\/\/assises.csiesr.eu\/2026\/wp-json\/wp\/v2\/media?parent=449"}],"curies":[{"name":"wp","href":"https:\/\/api.w.org\/{rel}","templated":true}]}}