{"id":3,"date":"2022-10-14T20:35:21","date_gmt":"2022-10-14T18:35:21","guid":{"rendered":"https:\/\/assises.csiesr.eu\/2026\/?page_id=3"},"modified":"2023-03-03T19:54:34","modified_gmt":"2023-03-03T18:54:34","slug":"politique-de-confidentialite","status":"publish","type":"page","link":"https:\/\/assises.csiesr.eu\/2026\/politique-de-confidentialite\/","title":{"rendered":"Politique de confidentialit\u00e9"},"content":{"rendered":"\n<h2 class=\"wp-block-heading\">Qui sommes-nous ?<\/h2>\n\n\n\n<p>Le CSIESR est une association professionnelle loi 1901 cr\u00e9\u00e9e en 1981. Ses&nbsp; principaux objectifs sont de :<\/p>\n\n\n\n<ul class=\"wp-block-list\">\n<li>contribuer au d\u00e9veloppement du num\u00e9rique pour l\u2019\u00e9ducation, la culture, et la recherche ;<\/li>\n\n\n\n<li>accompagner les services des techniques de l\u2019information et de la communication et leurs personnels pour appr\u00e9hender les innovations, les \u00e9volutions technologiques, les m\u00e9thodes et organisations ;<\/li>\n\n\n\n<li>renforcer la reconnaissance du r\u00f4le strat\u00e9gique des syst\u00e8mes d\u2019information dans les \u00e9tablissements et accompagner les d\u00e9cideurs dans la prise en compte de ces aspects.<\/li>\n<\/ul>\n\n\n\n<p>L\u2019adresse de notre site Web est : https:\/\/assises.csiesr.eu\/2026.<\/p>\n\n\n\n<h3 class=\"wp-block-heading\">PROTECTION DES DONNEES PERSONNELLES<\/h3>\n\n\n\n<p>Le CSIESR s\u2019engage \u00e0 respecter les dispositions de la loi n\u00b078-17 du 6 janvier 1978 relative \u00e0 l\u2019informatique, aux fichiers et aux libert\u00e9s modifi\u00e9es et au R\u00e8glement (UE) 2016\/679 du Parlement europ\u00e9en et du Conseil du 27 avril 2016 dit \u00ab RGPD \u00bb et prendre toute pr\u00e9caution n\u00e9cessaire pour pr\u00e9server la s\u00e9curit\u00e9 des informations nominatives confi\u00e9es.<\/p>\n\n\n\n<h4 class=\"wp-block-heading\">Responsable de traitement<\/h4>\n\n\n\n<p>Le pr\u00e9sident du CSIESR&nbsp; est&nbsp; responsable de traitement.<\/p>\n\n\n\n<h4 class=\"wp-block-heading\">Finalit\u00e9s de traitement<\/h4>\n\n\n\n<p>Les donn\u00e9es collect\u00e9es sont n\u00e9cessaires \u00e0 la gestion des assises du CSIESR. Dans le cadre de la fourniture de ses services, le CSIESR\u00a0 traite uniquement les donn\u00e9es personnelles suivantes strictement n\u00e9cessaires \u00e0 ces traitements<\/p>\n\n\n\n<h4 class=\"wp-block-heading\">Destinataires des donn\u00e9es personnelles<\/h4>\n\n\n\n<p>Les donn\u00e9es personnelles collect\u00e9es sur le site&nbsp; sont trait\u00e9es uniquement par les volontaires du CSIESR .<\/p>\n\n\n\n<h2 class=\"wp-block-heading\">Utilisation des donn\u00e9es personnelles collect\u00e9es<\/h2>\n\n\n\n<h3 class=\"wp-block-heading\">Commentaires<\/h3>\n\n\n\n<p>Quand vous laissez un commentaire sur notre site web, les donn\u00e9es inscrites dans le formulaire de commentaire, mais aussi votre adresse IP et l\u2019agent utilisateur de votre navigateur sont collect\u00e9s pour nous aider \u00e0 la d\u00e9tection des commentaires ind\u00e9sirables.<\/p>\n\n\n\n<h3 class=\"wp-block-heading\">Cookies<\/h3>\n\n\n\n<p>Lorsque vous vous connecterez, nous mettrons en place un certain nombre de cookies pour enregistrer vos informations de connexion et vos pr\u00e9f\u00e9rences d\u2019\u00e9cran. La dur\u00e9e de vie d\u2019un cookie de connexion est de deux jours, celle d\u2019un cookie d\u2019option d\u2019\u00e9cran est d\u2019un an. Si vous cochez \u00ab&nbsp;Se souvenir de moi&nbsp;\u00bb, votre cookie de connexion sera conserv\u00e9 pendant deux semaines. Si vous vous d\u00e9connectez de votre compte, le cookie de connexion sera effac\u00e9.<\/p>\n\n\n\n<p>En modifiant ou en publiant une publication, un cookie suppl\u00e9mentaire sera enregistr\u00e9 dans votre navigateur. Ce cookie ne comprend aucune donn\u00e9e personnelle. Il indique simplement l\u2019ID de la publication que vous venez de modifier. Il expire au bout d\u2019un jour.<\/p>\n\n\n\n<h3 class=\"wp-block-heading\">Contenu embarqu\u00e9 depuis d\u2019autres sites<\/h3>\n\n\n\n<p>Les articles de ce site peuvent inclure des contenus int\u00e9gr\u00e9s (par exemple des vid\u00e9os, images, articles\u2026). Le contenu int\u00e9gr\u00e9 depuis d\u2019autres sites se comporte de la m\u00eame mani\u00e8re que si le visiteur se rendait sur cet autre site.<\/p>\n\n\n\n<p>Ces sites web pourraient collecter des donn\u00e9es sur vous, utiliser des cookies, embarquer des outils de suivis tiers, suivre vos interactions avec ces contenus embarqu\u00e9s si vous disposez d\u2019un compte connect\u00e9 sur leur site web.<\/p>\n\n\n\n<h3 class=\"wp-block-heading\">Statistiques et mesures d\u2019audience<\/h3>\n\n\n\n<p>Le CSIESR utilise un syst\u00e8me de suivi des audiences conforme au RGPD.<\/p>\n\n\n\n<h2 class=\"wp-block-heading\">Utilisation et transmission de vos donn\u00e9es personnelles<\/h2>\n\n\n\n<p><em>La pr\u00e9sidence du CSIESR s\u2019engage \u00e0 ce que les donn\u00e9es collect\u00e9es via les formulaires de ce site web :<\/em><br><em>&nbsp; \u2013 patronyme,<\/em><br><em>&nbsp; \u2013 courriel professionnel,<\/em><br><em>&nbsp; \u2013 \u00e9tablissement,<\/em><br><em>&nbsp; \u2013 adresse professionnelle<\/em><br><em>soient uniquement utilis\u00e9es pour la gestion des assises<\/em><\/p>\n\n\n\n<h2 class=\"wp-block-heading\">Dur\u00e9es de stockage de vos donn\u00e9es<\/h2>\n\n\n\n<p>Si vous laissez un commentaire, le commentaire et ses m\u00e9tadonn\u00e9es sont conserv\u00e9s ind\u00e9finiment. Cela permet de reconna\u00eetre et approuver automatiquement les commentaires suivants au lieu de les laisser dans la file de mod\u00e9ration.<\/p>\n\n\n\n<p>Pour les utilisateurs et utilisatrices qui s\u2019enregistrent sur notre site (si cela est possible), nous stockons \u00e9galement les donn\u00e9es personnelles indiqu\u00e9es dans leur profil. Tous les utilisateurs et utilisatrices peuvent voir, modifier ou supprimer leurs informations personnelles \u00e0 tout moment (\u00e0 l\u2019exception de leur nom d\u2019utilisateur\u00b7ice). Les gestionnaires du site peuvent aussi voir et modifier ces informations.<\/p>\n\n\n\n<h2 class=\"wp-block-heading\">Les droits que vous avez sur vos donn\u00e9es<\/h2>\n\n\n\n<p>Si vous avez un compte ou si vous avez laiss\u00e9 des commentaires sur le site, vous pouvez demander \u00e0 recevoir un fichier contenant toutes les donn\u00e9es personnelles que nous poss\u00e9dons \u00e0 votre sujet, incluant celles que vous nous avez fournies. Vous pouvez \u00e9galement demander la suppression des donn\u00e9es personnelles vous concernant. Cela ne prend pas en compte les donn\u00e9es stock\u00e9es \u00e0 des fins administratives, l\u00e9gales ou pour des raisons de s\u00e9curit\u00e9.<\/p>\n\n\n\n<h2 class=\"wp-block-heading\">Transmission de vos donn\u00e9es personnelles<\/h2>\n\n\n\n<p>Les commentaires des visiteurs peuvent \u00eatre v\u00e9rifi\u00e9s \u00e0 l\u2019aide d\u2019un service automatis\u00e9 de d\u00e9tection des commentaires ind\u00e9sirables.<\/p>\n\n\n\n<h2 class=\"wp-block-heading\">Informations de contact<\/h2>\n\n\n\n<p>gestion@csiesr.eu<\/p>\n","protected":false},"excerpt":{"rendered":"<p>Qui sommes-nous ? Le CSIESR est une association professionnelle loi 1901 cr\u00e9\u00e9e en 1981. Ses&nbsp; principaux objectifs sont de : [&hellip;]<\/p>\n","protected":false},"author":1,"featured_media":0,"parent":0,"menu_order":0,"comment_status":"closed","ping_status":"open","template":"page-templates\/template_fullwidth.php","meta":{"_eb_attr":"","footnotes":""},"class_list":["post-3","page","type-page","status-publish","hentry","col-lg-4 col-md-6"],"_links":{"self":[{"href":"https:\/\/assises.csiesr.eu\/2026\/wp-json\/wp\/v2\/pages\/3","targetHints":{"allow":["GET"]}}],"collection":[{"href":"https:\/\/assises.csiesr.eu\/2026\/wp-json\/wp\/v2\/pages"}],"about":[{"href":"https:\/\/assises.csiesr.eu\/2026\/wp-json\/wp\/v2\/types\/page"}],"author":[{"embeddable":true,"href":"https:\/\/assises.csiesr.eu\/2026\/wp-json\/wp\/v2\/users\/1"}],"replies":[{"embeddable":true,"href":"https:\/\/assises.csiesr.eu\/2026\/wp-json\/wp\/v2\/comments?post=3"}],"version-history":[{"count":10,"href":"https:\/\/assises.csiesr.eu\/2026\/wp-json\/wp\/v2\/pages\/3\/revisions"}],"predecessor-version":[{"id":975,"href":"https:\/\/assises.csiesr.eu\/2026\/wp-json\/wp\/v2\/pages\/3\/revisions\/975"}],"wp:attachment":[{"href":"https:\/\/assises.csiesr.eu\/2026\/wp-json\/wp\/v2\/media?parent=3"}],"curies":[{"name":"wp","href":"https:\/\/api.w.org\/{rel}","templated":true}]}}