{"id":2295,"date":"2026-02-18T14:44:04","date_gmt":"2026-02-18T13:44:04","guid":{"rendered":"https:\/\/assises.csiesr.eu\/2026\/?page_id=2295"},"modified":"2026-02-19T14:37:47","modified_gmt":"2026-02-19T13:37:47","slug":"inscription","status":"publish","type":"page","link":"https:\/\/assises.csiesr.eu\/2026\/inscription\/","title":{"rendered":"Inscription"},"content":{"rendered":"\t\t<div data-elementor-type=\"wp-page\" data-elementor-id=\"2295\" class=\"elementor elementor-2295\">\n\t\t\t\t\t\t<section class=\"elementor-section elementor-top-section elementor-element elementor-element-8ad216f elementor-section-boxed elementor-section-height-default elementor-section-height-default\" data-id=\"8ad216f\" data-element_type=\"section\">\n\t\t\t\t\t\t<div class=\"elementor-container elementor-column-gap-default\">\n\t\t\t\t\t<div class=\"elementor-column elementor-col-100 elementor-top-column elementor-element elementor-element-1c32b59\" data-id=\"1c32b59\" data-element_type=\"column\">\n\t\t\t<div class=\"elementor-widget-wrap elementor-element-populated\">\n\t\t\t\t\t\t<div class=\"elementor-element elementor-element-e638439 elementor-widget elementor-widget-text-editor\" data-id=\"e638439\" data-element_type=\"widget\" data-widget_type=\"text-editor.default\">\n\t\t\t\t<div class=\"elementor-widget-container\">\n\t\t\t<style>\/*! elementor - v3.20.0 - 11-03-2024 *\/\n.elementor-widget-text-editor.elementor-drop-cap-view-stacked .elementor-drop-cap{background-color:#69727d;color:#fff}.elementor-widget-text-editor.elementor-drop-cap-view-framed .elementor-drop-cap{color:#69727d;border:3px solid;background-color:transparent}.elementor-widget-text-editor:not(.elementor-drop-cap-view-default) .elementor-drop-cap{margin-top:8px}.elementor-widget-text-editor:not(.elementor-drop-cap-view-default) .elementor-drop-cap-letter{width:1em;height:1em}.elementor-widget-text-editor .elementor-drop-cap{float:left;text-align:center;line-height:1;font-size:50px}.elementor-widget-text-editor .elementor-drop-cap-letter{display:inline-block}<\/style>\t\t\t\t<p>Veuillez choisir votre profil ci-dessous pour acc\u00e9der aux informations et tarif concernant l&#8217;inscription aux Assises 2026.<\/p>\t\t\t\t\t\t<\/div>\n\t\t\t\t<\/div>\n\t\t\t\t<div class=\"elementor-element elementor-element-7063771 elementor-widget__width-initial elementor-tabs-view-horizontal elementor-widget elementor-widget-tabs\" data-id=\"7063771\" data-element_type=\"widget\" data-widget_type=\"tabs.default\">\n\t\t\t\t<div class=\"elementor-widget-container\">\n\t\t\t<style>\/*! elementor - v3.20.0 - 11-03-2024 *\/\n.elementor-widget-tabs.elementor-tabs-view-vertical .elementor-tabs-wrapper{width:25%;flex-shrink:0}.elementor-widget-tabs.elementor-tabs-view-vertical .elementor-tab-desktop-title.elementor-active{border-right-style:none}.elementor-widget-tabs.elementor-tabs-view-vertical .elementor-tab-desktop-title.elementor-active:after,.elementor-widget-tabs.elementor-tabs-view-vertical .elementor-tab-desktop-title.elementor-active:before{height:999em;width:0;right:0;border-right-style:solid}.elementor-widget-tabs.elementor-tabs-view-vertical .elementor-tab-desktop-title.elementor-active:before{top:0;transform:translateY(-100%)}.elementor-widget-tabs.elementor-tabs-view-vertical .elementor-tab-desktop-title.elementor-active:after{top:100%}.elementor-widget-tabs.elementor-tabs-view-horizontal .elementor-tab-desktop-title{display:table-cell}.elementor-widget-tabs.elementor-tabs-view-horizontal .elementor-tab-desktop-title.elementor-active{border-bottom-style:none}.elementor-widget-tabs.elementor-tabs-view-horizontal .elementor-tab-desktop-title.elementor-active:after,.elementor-widget-tabs.elementor-tabs-view-horizontal .elementor-tab-desktop-title.elementor-active:before{bottom:0;height:0;width:999em;border-bottom-style:solid}.elementor-widget-tabs.elementor-tabs-view-horizontal .elementor-tab-desktop-title.elementor-active:before{right:100%}.elementor-widget-tabs.elementor-tabs-view-horizontal .elementor-tab-desktop-title.elementor-active:after{left:100%}.elementor-widget-tabs .elementor-tab-content,.elementor-widget-tabs .elementor-tab-title,.elementor-widget-tabs .elementor-tab-title:after,.elementor-widget-tabs .elementor-tab-title:before,.elementor-widget-tabs .elementor-tabs-content-wrapper{border:1px #d5d8dc}.elementor-widget-tabs .elementor-tabs{text-align:left}.elementor-widget-tabs .elementor-tabs-wrapper{overflow:hidden}.elementor-widget-tabs .elementor-tab-title{cursor:pointer;outline:var(--focus-outline,none)}.elementor-widget-tabs .elementor-tab-desktop-title{position:relative;padding:20px 25px;font-weight:700;line-height:1;border:solid transparent}.elementor-widget-tabs .elementor-tab-desktop-title.elementor-active{border-color:#d5d8dc}.elementor-widget-tabs .elementor-tab-desktop-title.elementor-active:after,.elementor-widget-tabs .elementor-tab-desktop-title.elementor-active:before{display:block;content:\"\";position:absolute}.elementor-widget-tabs .elementor-tab-desktop-title:focus-visible{border:1px solid #000}.elementor-widget-tabs .elementor-tab-mobile-title{padding:10px;cursor:pointer}.elementor-widget-tabs .elementor-tab-content{padding:20px;display:none}@media (max-width:767px){.elementor-tabs .elementor-tab-content,.elementor-tabs .elementor-tab-title{border-style:solid solid none}.elementor-tabs .elementor-tabs-wrapper{display:none}.elementor-tabs .elementor-tabs-content-wrapper{border-bottom-style:solid}.elementor-tabs .elementor-tab-content{padding:10px}}@media (min-width:768px){.elementor-widget-tabs.elementor-tabs-view-vertical .elementor-tabs{display:flex}.elementor-widget-tabs.elementor-tabs-view-vertical .elementor-tabs-wrapper{flex-direction:column}.elementor-widget-tabs.elementor-tabs-view-vertical .elementor-tabs-content-wrapper{flex-grow:1;border-style:solid solid solid none}.elementor-widget-tabs.elementor-tabs-view-horizontal .elementor-tab-content{border-style:none solid solid}.elementor-widget-tabs.elementor-tabs-alignment-center .elementor-tabs-wrapper,.elementor-widget-tabs.elementor-tabs-alignment-end .elementor-tabs-wrapper,.elementor-widget-tabs.elementor-tabs-alignment-stretch .elementor-tabs-wrapper{display:flex}.elementor-widget-tabs.elementor-tabs-alignment-center .elementor-tabs-wrapper{justify-content:center}.elementor-widget-tabs.elementor-tabs-alignment-end .elementor-tabs-wrapper{justify-content:flex-end}.elementor-widget-tabs.elementor-tabs-alignment-stretch.elementor-tabs-view-horizontal .elementor-tab-title{width:100%}.elementor-widget-tabs.elementor-tabs-alignment-stretch.elementor-tabs-view-vertical .elementor-tab-title{height:100%}.elementor-tabs .elementor-tab-mobile-title{display:none}}<\/style>\t\t<div class=\"elementor-tabs\">\n\t\t\t<div class=\"elementor-tabs-wrapper\" role=\"tablist\" >\n\t\t\t\t\t\t\t\t\t<div id=\"elementor-tab-title-1171\" class=\"elementor-tab-title elementor-tab-desktop-title\" aria-selected=\"true\" data-tab=\"1\" role=\"tab\" tabindex=\"0\" aria-controls=\"elementor-tab-content-1171\" aria-expanded=\"false\">Congressiste<\/div>\n\t\t\t\t\t\t\t\t\t<div id=\"elementor-tab-title-1172\" class=\"elementor-tab-title elementor-tab-desktop-title\" aria-selected=\"false\" data-tab=\"2\" role=\"tab\" tabindex=\"-1\" aria-controls=\"elementor-tab-content-1172\" aria-expanded=\"false\">Partenaire<\/div>\n\t\t\t\t\t\t\t<\/div>\n\t\t\t<div class=\"elementor-tabs-content-wrapper\" role=\"tablist\" aria-orientation=\"vertical\">\n\t\t\t\t\t\t\t\t\t<div class=\"elementor-tab-title elementor-tab-mobile-title\" aria-selected=\"true\" data-tab=\"1\" role=\"tab\" tabindex=\"0\" aria-controls=\"elementor-tab-content-1171\" aria-expanded=\"false\">Congressiste<\/div>\n\t\t\t\t\t<div id=\"elementor-tab-content-1171\" class=\"elementor-tab-content elementor-clearfix\" data-tab=\"1\" role=\"tabpanel\" aria-labelledby=\"elementor-tab-title-1171\" tabindex=\"0\" hidden=\"false\"><p id=\"h.p_vQmmRKJUY0Lz\" class=\"zfr3Q\">Important :<\/p><ul><li>Votre \u00e9tablissement doit \u00eatre <a href=\"https:\/\/formac.csiesr.eu\/adhesion\" target=\"_blank\" rel=\"noopener\">adh\u00e9rent du CSIESR<\/a><\/li><li class=\"zfr3Q\">les r\u00e9servations ne sont confirm\u00e9es qu\u2019<span style=\"text-decoration: underline\">\u00e0 r\u00e9ception du bon de commande<\/span>.<\/li><\/ul><p id=\"h.p_oCRBfSDrY0L2\" class=\"zfr3Q\">L\u2019inscription inclut l\u2019acc\u00e8s aux conf\u00e9rences, l\u2019h\u00e9bergement en pension compl\u00e8te, les pauses-caf\u00e9s, du mardi 26 mai midi au vendredi 29 mai midi compris.<\/p><p class=\"zfr3Q\">Tarif et prestations :<\/p><div class=\"no-box eael-pricing style-1 eael-header-devider\" style=\"background-color: #fff\"><div class=\"eael-pricing-item \" style=\"border-radius: 0;margin: 0\"><div class=\"header\"><h2 class=\"title\" style=\"font-size: 1.7rem\">Inscription en pension compl\u00e8te<\/h2><p><span style=\"color: #aaa;font-size: 1rem\">(pas de demi-pension cette ann\u00e9e)<\/span><\/p><\/div><div class=\"eael-pricing-tag\"><span class=\"price-tag\"><span class=\"original-price\">638 <span class=\"price-currency\">\u20ac<\/span><br \/><\/span><\/span><span class=\"price-period\"> TTC<\/span><\/div><div class=\"body\"><ul><li class=\"eael-pricing-item-feature elementor-repeater-item-d869a06\"><span class=\"li-icon\"><br \/><i class=\"fas fa-check\" aria-hidden=\"true\"><\/i> <\/span>Acc\u00e8s \u00e0 toutes les conf\u00e9rences<\/li><li class=\"eael-pricing-item-feature elementor-repeater-item-cc861dd\"><span class=\"li-icon\"><br \/><i class=\"fas fa-check\" aria-hidden=\"true\"><\/i> <\/span>S\u00e9jour avec chambre<\/li><li class=\"eael-pricing-item-feature elementor-repeater-item-2ecc7e4\"><span class=\"li-icon\"><br \/><i class=\"fas fa-check\" aria-hidden=\"true\"><\/i> <\/span>Petit-d\u00e9jeuner<\/li><li class=\"eael-pricing-item-feature elementor-repeater-item-1c813ed\"><span class=\"li-icon\"><br \/><i class=\"fas fa-check\" aria-hidden=\"true\"><\/i> <\/span>D\u00e9jeuner<\/li><li class=\"eael-pricing-item-feature elementor-repeater-item-47fe350\"><span class=\"li-icon\"><br \/><i class=\"fas fa-check\" aria-hidden=\"true\"><\/i> <\/span>D\u00eener<\/li><\/ul><\/div><\/div><\/div><p><a class=\"elementor-button elementor-button-link elementor-size-sm \" style=\"color: #fdfcfa;background-color: #1b689b;border-radius: 0px 0px 0px 0px;padding: 1rem 1rem 1rem 1rem;margin: 1rem 0;text-decoration: none !important;width: 100%\" href=\"https:\/\/formac.csiesr.eu\/assise\" target=\"_blank\" rel=\"noopener\"><span class=\"elementor-button-content-wrapper\"><br \/><span class=\"elementor-button-text\">Je m&#8217;inscris pour l&#8217;\u00e9dition 2026<\/span><\/span><\/a><\/p><p style=\"margin: 1rem 0 0 0\">Pour toute question : <a class=\"dhtgD aw5Odc\" href=\"mailto:gestion@csiesr.eu\" target=\"_blank\" rel=\"noopener noreferrer\">gestion@csiesr.eu<\/a><\/p><\/div>\n\t\t\t\t\t\t\t\t\t<div class=\"elementor-tab-title elementor-tab-mobile-title\" aria-selected=\"false\" data-tab=\"2\" role=\"tab\" tabindex=\"-1\" aria-controls=\"elementor-tab-content-1172\" aria-expanded=\"false\">Partenaire<\/div>\n\t\t\t\t\t<div id=\"elementor-tab-content-1172\" class=\"elementor-tab-content elementor-clearfix\" data-tab=\"2\" role=\"tabpanel\" aria-labelledby=\"elementor-tab-title-1172\" tabindex=\"0\" hidden=\"hidden\"><p id=\"gmail-h.p_9dIE9ck7wAzJ\">Les inscriptions sont en cours.<\/p>\n<p id=\"gmail-h.p_Z40qMRrhHde4\">Les soci\u00e9t\u00e9s retenues par le comit\u00e9 d\u2019organisation ont <span style=\"text-decoration: underline\">re\u00e7u un mail<\/span> permettant l\u2019inscription de chaque participant.<\/p>\n<p class=\"zfr3Q\">Tarif et prestations :<\/p>\n\n<div class=\"no-box eael-pricing style-1 eael-header-devider\" style=\"background-color: #fff\">\n<div class=\"eael-pricing-item \" style=\"border-radius: 0;margin: 0\">\n<div class=\"header\">\n<h2 class=\"title\" style=\"font-size: 1.7rem\">Inscription en pension compl\u00e8te<\/h2>\n<span style=\"color: #aaa;font-size: 1rem\">(pas de demi-pension cette ann\u00e9e)<\/span>\n\n<\/div>\n<div class=\"eael-pricing-tag\"><span class=\"price-tag\"><span class=\"original-price\">780<span class=\"price-currency\">\u20ac<\/span>\n<\/span><\/span><span class=\"price-period\"> HT<\/span>\n\/\n<span class=\"price-tag\"><span class=\"original-price\">858<span class=\"price-currency\">\u20ac<\/span>\n<\/span><\/span><span class=\"price-period\"> TTC<\/span><\/div>\n<div class=\"body\">\n<ul>\n \t<li class=\"eael-pricing-item-feature elementor-repeater-item-d869a06\"><span class=\"li-icon\">\n<i class=\"fas fa-times\" style=\"color: #c80000\" aria-hidden=\"true\"><\/i> <\/span>Acc\u00e8s \u00e0 toutes les conf\u00e9rences<\/li>\n \t<li class=\"eael-pricing-item-feature elementor-repeater-item-cc861dd\"><span class=\"li-icon\">\n<i class=\"fas fa-check\" aria-hidden=\"true\"><\/i> <\/span>S\u00e9jour avec chambre<\/li>\n \t<li class=\"eael-pricing-item-feature elementor-repeater-item-2ecc7e4\"><span class=\"li-icon\">\n<i class=\"fas fa-check\" aria-hidden=\"true\"><\/i> <\/span>Petit-d\u00e9jeuner<\/li>\n \t<li class=\"eael-pricing-item-feature elementor-repeater-item-1c813ed\"><span class=\"li-icon\">\n<i class=\"fas fa-check\" aria-hidden=\"true\"><\/i> <\/span>D\u00e9jeuner<\/li>\n \t<li class=\"eael-pricing-item-feature elementor-repeater-item-47fe350\"><span class=\"li-icon\">\n<i class=\"fas fa-check\" aria-hidden=\"true\"><\/i> <\/span>D\u00eener<\/li>\n<\/ul>\n<\/div>\n<\/div>\n<\/div>\n<p style=\"margin: 1rem 0 0 0\">Pour toute question, \u00e9crire \u00e0 l\u2019adresse :\u00a0<a href=\"mailto:assises.contact@csiesr.eu\" rel=\"noreferrer noopener\">partenaires.assises@csiesr.eu<\/a><\/p><\/div>\n\t\t\t\t\t\t\t<\/div>\n\t\t<\/div>\n\t\t\t\t<\/div>\n\t\t\t\t<\/div>\n\t\t\t\t<div class=\"elementor-element elementor-element-2089ca8 d-none eael-pricing-content-align-center eael-pricing-button-align-center elementor-widget elementor-widget-eael-pricing-table\" data-id=\"2089ca8\" data-element_type=\"widget\" data-widget_type=\"eael-pricing-table.default\">\n\t\t\t\t<div class=\"elementor-widget-container\">\n\t\t\t                    <div class=\"eael-pricing style-1 eael-header-devider\">\n                <div class=\"eael-pricing-item \">\n                    <div class=\"header\">\n                        <h2 class=\"title\">Pension compl\u00e8te<\/h2>\n                    <\/div>\n                    <div class=\"eael-pricing-tag\">\n                        <span class=\"price-tag\"><span class=\"original-price\">638<span class=\"price-currency\">\u20ac<\/span>\n                    <\/span><\/span><span class=\"price-period\">TTC<\/span>                    <\/div>\n                    <div class=\"body\">\n                                <ul>\n                            <li class=\"eael-pricing-item-feature elementor-repeater-item-90d677b\">\n                    \n                                <span class=\"li-icon\">\n                <i aria-hidden=\"true\" class=\"fas fa-check\"><\/i>            <\/span>\n\n        \n                    <span >Unlimited calls<\/span>\n                    \n                     \n                <\/li>\n                            <li class=\"eael-pricing-item-feature elementor-repeater-item-f79dad3\">\n                    \n                                <span class=\"li-icon\">\n                <i aria-hidden=\"true\" class=\"fas fa-check\"><\/i>            <\/span>\n\n        \n                    <span >Free hosting<\/span>\n                    \n                     \n                <\/li>\n                            <li class=\"eael-pricing-item-feature elementor-repeater-item-4b03523\">\n                    \n                                <span class=\"li-icon\">\n                <i aria-hidden=\"true\" class=\"fas fa-check\"><\/i>            <\/span>\n\n        \n                    <span >500 MB of storage space<\/span>\n                    \n                     \n                <\/li>\n                            <li class=\"eael-pricing-item-feature elementor-repeater-item-12d5777\">\n                    \n                                <span class=\"li-icon\">\n                <i aria-hidden=\"true\" class=\"fas fa-check\"><\/i>            <\/span>\n\n        \n                    <span >500 MB Bandwidth<\/span>\n                    \n                     \n                <\/li>\n                            <li class=\"eael-pricing-item-feature elementor-repeater-item-c976be0\">\n                    \n                                <span class=\"li-icon\">\n                <i aria-hidden=\"true\" class=\"fas fa-check\"><\/i>            <\/span>\n\n        \n                    <span >24\/7 support<\/span>\n                    \n                     \n                <\/li>\n                    <\/ul>\n                        <\/div>\n\t                                    <div class=\"footer\">\n                        <a class=\"eael-pricing-button\" href=\"#\" >\n                                                                                            Choose Plan                                                    <\/a>\n                    <\/div>\n                                    <\/div>\n            <\/div>\n                    \t\t<\/div>\n\t\t\t\t<\/div>\n\t\t\t\t<div class=\"elementor-element elementor-element-ee0cf87 elementor-widget elementor-widget-text-editor\" data-id=\"ee0cf87\" data-element_type=\"widget\" data-widget_type=\"text-editor.default\">\n\t\t\t\t<div class=\"elementor-widget-container\">\n\t\t\t\t\t\t\t<p>Tous les tarifs sont indiqu\u00e9s TTC (<strong>TVA incluse de 10%<\/strong>).<br \/>Ces tarifs sont\u00a0<strong>indivisibles.<\/strong><\/p><p>Ils ne comprennent pas les frais de transport, de stationnement, les consommations individuelles ou extras.<\/p><p>Toute annulation tardive entra\u00eene la facturation de frais de gestion de 50 \u20ac pour traitement administratif.<\/p><p><em>La pr\u00e9sidence du CSIESR s\u2019engage \u00e0 ce que les donn\u00e9es collect\u00e9es :<\/em><br \/><em>\u2013 patronyme,<\/em><br \/><em>\u2013 courriel professionnel,<\/em><br \/><em>\u2013 \u00e9tablissement,<\/em><br \/><em>\u2013 adresse professionnelle<\/em><br \/><em>soient uniquement utilis\u00e9es pour la gestion des assises.<\/em><\/p>\t\t\t\t\t\t<\/div>\n\t\t\t\t<\/div>\n\t\t\t\t\t<\/div>\n\t\t<\/div>\n\t\t\t\t\t<\/div>\n\t\t<\/section>\n\t\t\t\t<\/div>\n\t\t","protected":false},"excerpt":{"rendered":"<p>Veuillez choisir votre profil ci-dessous pour acc\u00e9der aux informations et tarif concernant l&#8217;inscription aux Assises 2026. \/*! elementor &#8211; v3.20.0 [&hellip;]<\/p>\n","protected":false},"author":10,"featured_media":0,"parent":0,"menu_order":0,"comment_status":"closed","ping_status":"closed","template":"page-templates\/template_fullwidth.php","meta":{"_eb_attr":"","footnotes":""},"class_list":["post-2295","page","type-page","status-publish","hentry","col-lg-4 col-md-6"],"_links":{"self":[{"href":"https:\/\/assises.csiesr.eu\/2026\/wp-json\/wp\/v2\/pages\/2295","targetHints":{"allow":["GET"]}}],"collection":[{"href":"https:\/\/assises.csiesr.eu\/2026\/wp-json\/wp\/v2\/pages"}],"about":[{"href":"https:\/\/assises.csiesr.eu\/2026\/wp-json\/wp\/v2\/types\/page"}],"author":[{"embeddable":true,"href":"https:\/\/assises.csiesr.eu\/2026\/wp-json\/wp\/v2\/users\/10"}],"replies":[{"embeddable":true,"href":"https:\/\/assises.csiesr.eu\/2026\/wp-json\/wp\/v2\/comments?post=2295"}],"version-history":[{"count":118,"href":"https:\/\/assises.csiesr.eu\/2026\/wp-json\/wp\/v2\/pages\/2295\/revisions"}],"predecessor-version":[{"id":2493,"href":"https:\/\/assises.csiesr.eu\/2026\/wp-json\/wp\/v2\/pages\/2295\/revisions\/2493"}],"wp:attachment":[{"href":"https:\/\/assises.csiesr.eu\/2026\/wp-json\/wp\/v2\/media?parent=2295"}],"curies":[{"name":"wp","href":"https:\/\/api.w.org\/{rel}","templated":true}]}}