{"id":2217,"date":"2026-02-14T16:10:20","date_gmt":"2026-02-14T15:10:20","guid":{"rendered":"https:\/\/assises.csiesr.eu\/2026\/?page_id=2217"},"modified":"2026-03-19T16:29:50","modified_gmt":"2026-03-19T15:29:50","slug":"acces","status":"publish","type":"page","link":"https:\/\/assises.csiesr.eu\/2026\/acces\/","title":{"rendered":"Acc\u00e8s"},"content":{"rendered":"\t\t<div data-elementor-type=\"wp-post\" data-elementor-id=\"2217\" class=\"elementor elementor-2217\">\n\t\t\t\t\t\t<section class=\"elementor-section elementor-top-section elementor-element elementor-element-628092d elementor-section-full_width contact-page-map elementor-section-stretched elementor-section-height-default elementor-section-height-default\" data-id=\"628092d\" data-element_type=\"section\" data-settings=\"{&quot;stretch_section&quot;:&quot;section-stretched&quot;}\">\n\t\t\t\t\t\t<div class=\"elementor-container elementor-column-gap-default\">\n\t\t\t\t\t<div class=\"elementor-column elementor-col-100 elementor-top-column elementor-element elementor-element-5c6a1d86\" data-id=\"5c6a1d86\" data-element_type=\"column\">\n\t\t\t<div class=\"elementor-widget-wrap elementor-element-populated\">\n\t\t\t\t\t\t<div class=\"elementor-element elementor-element-f5bdb5e elementor-widget elementor-widget-osm-map-elementor\" data-id=\"f5bdb5e\" data-element_type=\"widget\" data-widget_type=\"osm-map-elementor.default\">\n\t\t\t\t<div class=\"elementor-widget-container\">\n\t\t\t<div id=\"osm-map-f5bdb5e\" \n        class=\"osm-map-container\" \n        data-center=\"45.675927,-1.165137\"><\/div>        <script type=\"text\/javascript\">\n                    <\/script>\n        \t\t<\/div>\n\t\t\t\t<\/div>\n\t\t\t\t\t<\/div>\n\t\t<\/div>\n\t\t\t\t\t<\/div>\n\t\t<\/section>\n\t\t\t\t<section class=\"elementor-section elementor-top-section elementor-element elementor-element-6352347f elementor-section-boxed elementor-section-height-default elementor-section-height-default\" data-id=\"6352347f\" data-element_type=\"section\">\n\t\t\t\t\t\t<div class=\"elementor-container elementor-column-gap-wider\">\n\t\t\t\t\t<div class=\"elementor-column elementor-col-100 elementor-top-column elementor-element elementor-element-54047305\" data-id=\"54047305\" data-element_type=\"column\">\n\t\t\t<div class=\"elementor-widget-wrap elementor-element-populated\">\n\t\t\t\t\t\t<div class=\"elementor-element elementor-element-0882676 elementor-widget elementor-widget-heading\" data-id=\"0882676\" data-element_type=\"widget\" data-widget_type=\"heading.default\">\n\t\t\t\t<div class=\"elementor-widget-container\">\n\t\t\t<style>\/*! elementor - v3.20.0 - 11-03-2024 *\/\n.elementor-heading-title{padding:0;margin:0;line-height:1}.elementor-widget-heading .elementor-heading-title[class*=elementor-size-]>a{color:inherit;font-size:inherit;line-height:inherit}.elementor-widget-heading .elementor-heading-title.elementor-size-small{font-size:15px}.elementor-widget-heading .elementor-heading-title.elementor-size-medium{font-size:19px}.elementor-widget-heading .elementor-heading-title.elementor-size-large{font-size:29px}.elementor-widget-heading .elementor-heading-title.elementor-size-xl{font-size:39px}.elementor-widget-heading .elementor-heading-title.elementor-size-xxl{font-size:59px}<\/style><h2 class=\"elementor-heading-title elementor-size-default\">Adresse<\/h2>\t\t<\/div>\n\t\t\t\t<\/div>\n\t\t\t\t<div class=\"elementor-element elementor-element-49c39f0 elementor-widget elementor-widget-text-editor\" data-id=\"49c39f0\" data-element_type=\"widget\" data-widget_type=\"text-editor.default\">\n\t\t\t\t<div class=\"elementor-widget-container\">\n\t\t\t<style>\/*! elementor - v3.20.0 - 11-03-2024 *\/\n.elementor-widget-text-editor.elementor-drop-cap-view-stacked .elementor-drop-cap{background-color:#69727d;color:#fff}.elementor-widget-text-editor.elementor-drop-cap-view-framed .elementor-drop-cap{color:#69727d;border:3px solid;background-color:transparent}.elementor-widget-text-editor:not(.elementor-drop-cap-view-default) .elementor-drop-cap{margin-top:8px}.elementor-widget-text-editor:not(.elementor-drop-cap-view-default) .elementor-drop-cap-letter{width:1em;height:1em}.elementor-widget-text-editor .elementor-drop-cap{float:left;text-align:center;line-height:1;font-size:50px}.elementor-widget-text-editor .elementor-drop-cap-letter{display:inline-block}<\/style>\t\t\t\t<p class=\"fsize3\">Club Med La Palmyre, All. du Grand Large, 17570 Les Mathes<\/p>\t\t\t\t\t\t<\/div>\n\t\t\t\t<\/div>\n\t\t\t\t<div class=\"elementor-element elementor-element-3b109a3f elementor-widget elementor-widget-heading\" data-id=\"3b109a3f\" data-element_type=\"widget\" data-widget_type=\"heading.default\">\n\t\t\t\t<div class=\"elementor-widget-container\">\n\t\t\t<h2 class=\"elementor-heading-title elementor-size-default\">Se rendre aux ASSISES<\/h2>\t\t<\/div>\n\t\t\t\t<\/div>\n\t\t\t\t<div class=\"elementor-element elementor-element-0781ebb elementor-position-left elementor-view-default elementor-mobile-position-top elementor-vertical-align-top elementor-widget elementor-widget-icon-box\" data-id=\"0781ebb\" data-element_type=\"widget\" id=\"access-navettes\" data-widget_type=\"icon-box.default\">\n\t\t\t\t<div class=\"elementor-widget-container\">\n\t\t\t<link rel=\"stylesheet\" href=\"https:\/\/assises.csiesr.eu\/2026\/wp-content\/plugins\/elementor\/assets\/css\/widget-icon-box.min.css\">\t\t<div class=\"elementor-icon-box-wrapper\">\n\t\t\t\t\t\t<div class=\"elementor-icon-box-icon\">\n\t\t\t\t<span  class=\"elementor-icon elementor-animation-\">\n\t\t\t\t<i aria-hidden=\"true\" class=\"fas fa-bus\"><\/i>\t\t\t\t<\/span>\n\t\t\t<\/div>\n\t\t\t\t\t\t<div class=\"elementor-icon-box-content\">\n\t\t\t\t<h3 class=\"elementor-icon-box-title\">\n\t\t\t\t\t<span  >\n\t\t\t\t\t\tNavettes \t\t\t\t\t<\/span>\n\t\t\t\t<\/h3>\n\t\t\t\t\t\t\t<\/div>\n\t\t<\/div>\n\t\t\t\t<\/div>\n\t\t\t\t<\/div>\n\t\t\t\t<div class=\"elementor-element elementor-element-2cd1d92 elementor-widget elementor-widget-text-editor\" data-id=\"2cd1d92\" data-element_type=\"widget\" id=\"acces-jaune\" data-widget_type=\"text-editor.default\">\n\t\t\t\t<div class=\"elementor-widget-container\">\n\t\t\t\t\t\t\t<div style=\"background-color: #ffeea4; padding: 10px 10px 5px 10px;\"><div><span style=\"color: #000000;\"><img decoding=\"async\" class=\"emoji\" role=\"img\" draggable=\"false\" src=\"https:\/\/s.w.org\/images\/core\/emoji\/17.0.2\/svg\/1f4e2.svg\" alt=\"\ud83d\udce2\" \/> Important :<\/span><\/div><p><span style=\"color: #000000;\">Pour vous rendre sur le site des assises, le comit\u00e9 d&#8217;organisation a pr\u00e9vu <u>uniquement<\/u> des\u00a0navettes de la <strong>gare SNCF de Surg\u00e8res<\/strong> (environ 1h45 de trajet) et de l&#8217;<strong>a\u00e9roport de Bordeaux <\/strong>(environ 2h30 de trajet)<br \/><\/span><\/p><\/div>\t\t\t\t\t\t<\/div>\n\t\t\t\t<\/div>\n\t\t\t\t<section class=\"elementor-section elementor-inner-section elementor-element elementor-element-d468439 elementor-section-boxed elementor-section-height-default elementor-section-height-default\" data-id=\"d468439\" data-element_type=\"section\">\n\t\t\t\t\t\t<div class=\"elementor-container elementor-column-gap-default\">\n\t\t\t\t\t<div class=\"elementor-column elementor-col-50 elementor-inner-column elementor-element elementor-element-262cea1\" data-id=\"262cea1\" data-element_type=\"column\">\n\t\t\t<div class=\"elementor-widget-wrap elementor-element-populated\">\n\t\t\t\t\t\t<div class=\"elementor-element elementor-element-3f5b9e5 elementor-widget elementor-widget-heading\" data-id=\"3f5b9e5\" data-element_type=\"widget\" data-widget_type=\"heading.default\">\n\t\t\t\t<div class=\"elementor-widget-container\">\n\t\t\t<h2 class=\"elementor-heading-title elementor-size-default\"><h3>Aller <\/h3> le 26 Mai<\/h2>\t\t<\/div>\n\t\t\t\t<\/div>\n\t\t\t\t<div class=\"elementor-element elementor-element-898c5c0 elementor-widget elementor-widget-text-editor\" data-id=\"898c5c0\" data-element_type=\"widget\" data-widget_type=\"text-editor.default\">\n\t\t\t\t<div class=\"elementor-widget-container\">\n\t\t\t\t\t\t\t<ul>\n<li>D\u00e9part de la gare de Surg\u00e8res \u00e0 12h30, arriv\u00e9e vers 14h \u00e0&nbsp; La Palmyre.<\/li>\n<li>D\u00e9part de la gare de Surg\u00e8res \u00e0 15h30, arriv\u00e9e vers 17h \u00e0&nbsp; La Palmyre.<\/li>\n<li>D\u00e9part de l&#8217;a\u00e9roport de Bordeaux \u00e0 11h00, arriv\u00e9e vers 14h \u00e0 La Palmyre.<\/li>\n<\/ul>\t\t\t\t\t\t<\/div>\n\t\t\t\t<\/div>\n\t\t\t\t\t<\/div>\n\t\t<\/div>\n\t\t\t\t<div class=\"elementor-column elementor-col-50 elementor-inner-column elementor-element elementor-element-722e56c\" data-id=\"722e56c\" data-element_type=\"column\">\n\t\t\t<div class=\"elementor-widget-wrap elementor-element-populated\">\n\t\t\t\t\t\t<div class=\"elementor-element elementor-element-cf720f0 elementor-widget elementor-widget-heading\" data-id=\"cf720f0\" data-element_type=\"widget\" data-widget_type=\"heading.default\">\n\t\t\t\t<div class=\"elementor-widget-container\">\n\t\t\t<h2 class=\"elementor-heading-title elementor-size-default\"><h3>Retour<\/h3> le 29 Mai<\/h2>\t\t<\/div>\n\t\t\t\t<\/div>\n\t\t\t\t<div class=\"elementor-element elementor-element-8126b8d elementor-widget elementor-widget-text-editor\" data-id=\"8126b8d\" data-element_type=\"widget\" data-widget_type=\"text-editor.default\">\n\t\t\t\t<div class=\"elementor-widget-container\">\n\t\t\t\t\t\t\t<ul><li>D\u00e9part de La Palmyre \u00e0 11h30, arriv\u00e9e vers 13h30 \u00e0 la gare de Surg\u00e8res.<\/li><li>D\u00e9part de La Palmyre \u00e0 10h30, arriv\u00e9e vers 12h30 \u00e0 la gare Surg\u00e8res.<\/li><li>D\u00e9part de La Palmyre \u00e0 11h00, arriv\u00e9e vers 14h30 \u00e0 l&#8217;a\u00e9roport de Bordeaux.<\/li><\/ul>\t\t\t\t\t\t<\/div>\n\t\t\t\t<\/div>\n\t\t\t\t\t<\/div>\n\t\t<\/div>\n\t\t\t\t\t<\/div>\n\t\t<\/section>\n\t\t\t\t<div class=\"elementor-element elementor-element-f264e62 elementor-widget elementor-widget-text-editor\" data-id=\"f264e62\" data-element_type=\"widget\" data-widget_type=\"text-editor.default\">\n\t\t\t\t<div class=\"elementor-widget-container\">\n\t\t\t\t\t\t\t<p><strong>Pour faciliter l&#8217;organisation, il est imp\u00e9ratif que vous nous indiquiez vos heures d&#8217;arriv\u00e9e et de d\u00e9part, au moment de l&#8217;inscription. <\/strong><\/p><p>Si vous ne les connaissez pas \u00e0 ce moment l\u00e0, vous pourrez les indiquer en modifiant votre inscription.<\/p>\t\t\t\t\t\t<\/div>\n\t\t\t\t<\/div>\n\t\t\t\t<div class=\"elementor-element elementor-element-1c3ca92 elementor-align-center elementor-widget elementor-widget-button\" data-id=\"1c3ca92\" data-element_type=\"widget\" data-widget_type=\"button.default\">\n\t\t\t\t<div class=\"elementor-widget-container\">\n\t\t\t\t\t<div class=\"elementor-button-wrapper\">\n\t\t\t<a class=\"elementor-button elementor-button-link elementor-size-sm\" href=\"https:\/\/formac.csiesr.eu\/accounts\/login\/\">\n\t\t\t\t\t\t<span class=\"elementor-button-content-wrapper\">\n\t\t\t\t\t\t<span class=\"elementor-button-text\">Connectez vous<\/span>\n\t\t<\/span>\n\t\t\t\t\t<\/a>\n\t\t<\/div>\n\t\t\t\t<\/div>\n\t\t\t\t<\/div>\n\t\t\t\t<div class=\"elementor-element elementor-element-f9a867b elementor-position-left elementor-view-default elementor-mobile-position-top elementor-vertical-align-top elementor-widget elementor-widget-icon-box\" data-id=\"f9a867b\" data-element_type=\"widget\" data-widget_type=\"icon-box.default\">\n\t\t\t\t<div class=\"elementor-widget-container\">\n\t\t\t\t\t<div class=\"elementor-icon-box-wrapper\">\n\t\t\t\t\t\t<div class=\"elementor-icon-box-icon\">\n\t\t\t\t<span  class=\"elementor-icon elementor-animation-\">\n\t\t\t\t<i aria-hidden=\"true\" class=\"fas fa-car\"><\/i>\t\t\t\t<\/span>\n\t\t\t<\/div>\n\t\t\t\t\t\t<div class=\"elementor-icon-box-content\">\n\t\t\t\t<h3 class=\"elementor-icon-box-title\">\n\t\t\t\t\t<span  >\n\t\t\t\t\t\tEn voiture\t\t\t\t\t<\/span>\n\t\t\t\t<\/h3>\n\t\t\t\t\t\t\t<\/div>\n\t\t<\/div>\n\t\t\t\t<\/div>\n\t\t\t\t<\/div>\n\t\t\t\t<div class=\"elementor-element elementor-element-5635b9f elementor-widget elementor-widget-text-editor\" data-id=\"5635b9f\" data-element_type=\"widget\" data-widget_type=\"text-editor.default\">\n\t\t\t\t<div class=\"elementor-widget-container\">\n\t\t\t\t\t\t\t<p>\u00bb <a href=\"https:\/\/www.google.com\/maps\/place\/Club+Med+Palmyre+Atlantique+-+France\/@45.675927,-1.165137,543m\/data=!3m2!1e3!4b1!4m9!3m8!1s0x48017bf78ace6547:0x92091815f5e8b1aa!5m2!4m1!1i2!8m2!3d45.675927!4d-1.165137!16s%2Fg%2F1tdqsxlb?entry=ttu&amp;g_ep=EgoyMDI2MDEwNC4wIKXMDSoASAFQAw%3D%3D\" target=\"_blank\" rel=\"noopener\">Planifiez votre trajet<\/a><\/p>\t\t\t\t\t\t<\/div>\n\t\t\t\t<\/div>\n\t\t\t\t<div class=\"elementor-element elementor-element-31e7c8b elementor-widget elementor-widget-text-editor\" data-id=\"31e7c8b\" data-element_type=\"widget\" data-widget_type=\"text-editor.default\">\n\t\t\t\t<div class=\"elementor-widget-container\">\n\t\t\t\t\t\t\t<p>Un parking est disponible sur place.\u00a0<\/p><p>Si vous venez avec votre v\u00e9hicule, vous devez nous l&#8217;indiquer lors de votre inscription afin que l&#8217;on puisse adapter le nombre de places de stationnement \u00e0 r\u00e9server aupr\u00e8s du Club Med.\u00a0<\/p>\t\t\t\t\t\t<\/div>\n\t\t\t\t<\/div>\n\t\t\t\t\t<\/div>\n\t\t<\/div>\n\t\t\t\t\t<\/div>\n\t\t<\/section>\n\t\t\t\t<section class=\"elementor-section elementor-top-section elementor-element elementor-element-a19cc7e elementor-section-boxed elementor-section-height-default elementor-section-height-default\" data-id=\"a19cc7e\" data-element_type=\"section\">\n\t\t\t\t\t\t<div class=\"elementor-container elementor-column-gap-default\">\n\t\t\t\t\t<div class=\"elementor-column elementor-col-100 elementor-top-column elementor-element elementor-element-ad6eb07\" data-id=\"ad6eb07\" data-element_type=\"column\">\n\t\t\t<div class=\"elementor-widget-wrap\">\n\t\t\t\t\t\t\t<\/div>\n\t\t<\/div>\n\t\t\t\t\t<\/div>\n\t\t<\/section>\n\t\t\t\t<\/div>\n\t\t","protected":false},"excerpt":{"rendered":"<p>Adresse Club Med La Palmyre, All. du Grand Large, 17570 Les Mathes Se rendre aux ASSISES Navettes Important : Pour [&hellip;]<\/p>\n","protected":false},"author":1,"featured_media":0,"parent":0,"menu_order":0,"comment_status":"closed","ping_status":"closed","template":"page-templates\/template_fullwidth.php","meta":{"_eb_attr":"","footnotes":""},"class_list":["post-2217","page","type-page","status-publish","hentry","col-lg-4 col-md-6"],"_links":{"self":[{"href":"https:\/\/assises.csiesr.eu\/2026\/wp-json\/wp\/v2\/pages\/2217","targetHints":{"allow":["GET"]}}],"collection":[{"href":"https:\/\/assises.csiesr.eu\/2026\/wp-json\/wp\/v2\/pages"}],"about":[{"href":"https:\/\/assises.csiesr.eu\/2026\/wp-json\/wp\/v2\/types\/page"}],"author":[{"embeddable":true,"href":"https:\/\/assises.csiesr.eu\/2026\/wp-json\/wp\/v2\/users\/1"}],"replies":[{"embeddable":true,"href":"https:\/\/assises.csiesr.eu\/2026\/wp-json\/wp\/v2\/comments?post=2217"}],"version-history":[{"count":109,"href":"https:\/\/assises.csiesr.eu\/2026\/wp-json\/wp\/v2\/pages\/2217\/revisions"}],"predecessor-version":[{"id":2573,"href":"https:\/\/assises.csiesr.eu\/2026\/wp-json\/wp\/v2\/pages\/2217\/revisions\/2573"}],"wp:attachment":[{"href":"https:\/\/assises.csiesr.eu\/2026\/wp-json\/wp\/v2\/media?parent=2217"}],"curies":[{"name":"wp","href":"https:\/\/api.w.org\/{rel}","templated":true}]}}