{"id":544,"date":"2022-10-18T16:41:18","date_gmt":"2022-10-18T14:41:18","guid":{"rendered":"https:\/\/assises.csiesr.eu\/2025\/?page_id=544"},"modified":"2025-03-18T19:56:38","modified_gmt":"2025-03-18T18:56:38","slug":"nos-partenaires","status":"publish","type":"page","link":"https:\/\/assises.csiesr.eu\/2025\/nos-partenaires\/","title":{"rendered":"Nos partenaires"},"content":{"rendered":"\n<div class=\"wp-block-columns marge0 is-layout-flex wp-container-core-columns-is-layout-9d6595d7 wp-block-columns-is-layout-flex\">\n<div class=\"wp-block-column is-vertically-aligned-center is-layout-flow wp-block-column-is-layout-flow\">\n<figure class=\"wp-block-image size-full\"><a href=\"https:\/\/abraxio.com\/\" target=\"_blank\" rel=\" noreferrer noopener\"><img fetchpriority=\"high\" decoding=\"async\" width=\"500\" height=\"400\" src=\"https:\/\/assises.csiesr.eu\/2025\/wp-content\/uploads\/sites\/8\/2025\/02\/abraxio.png\" alt=\"\" class=\"wp-image-1589\" srcset=\"https:\/\/assises.csiesr.eu\/2025\/wp-content\/uploads\/sites\/8\/2025\/02\/abraxio.png 500w, https:\/\/assises.csiesr.eu\/2025\/wp-content\/uploads\/sites\/8\/2025\/02\/abraxio-300x240.png 300w\" sizes=\"(max-width: 500px) 100vw, 500px\" \/><\/a><\/figure>\n<\/div>\n\n\n\n<div class=\"wp-block-column is-layout-flow wp-block-column-is-layout-flow\">\n<figure class=\"wp-block-image size-full\"><a href=\"https:\/\/www.ametys.org\/campus\/fr\/index.html\" target=\"_blank\" rel=\"noreferrer noopener\"><img decoding=\"async\" width=\"500\" height=\"400\" src=\"https:\/\/assises.csiesr.eu\/2025\/wp-content\/uploads\/sites\/8\/2023\/03\/ametysanyware.png\" alt=\"ametys campus\" class=\"wp-image-1000\" srcset=\"https:\/\/assises.csiesr.eu\/2025\/wp-content\/uploads\/sites\/8\/2023\/03\/ametysanyware.png 500w, https:\/\/assises.csiesr.eu\/2025\/wp-content\/uploads\/sites\/8\/2023\/03\/ametysanyware-300x240.png 300w\" sizes=\"(max-width: 500px) 100vw, 500px\" \/><\/a><\/figure>\n<\/div>\n\n\n\n<div class=\"wp-block-column is-layout-flow wp-block-column-is-layout-flow\">\n<figure class=\"wp-block-image size-full\"><a href=\"https:\/\/www.blueway.fr\/\" target=\"_blank\" rel=\" noreferrer noopener\"><img decoding=\"async\" width=\"500\" height=\"400\" src=\"https:\/\/assises.csiesr.eu\/2025\/wp-content\/uploads\/sites\/8\/2025\/02\/blueway.png\" alt=\"\" class=\"wp-image-1592\" srcset=\"https:\/\/assises.csiesr.eu\/2025\/wp-content\/uploads\/sites\/8\/2025\/02\/blueway.png 500w, https:\/\/assises.csiesr.eu\/2025\/wp-content\/uploads\/sites\/8\/2025\/02\/blueway-300x240.png 300w\" sizes=\"(max-width: 500px) 100vw, 500px\" \/><\/a><\/figure>\n<\/div>\n\n\n\n<div class=\"wp-block-column is-layout-flow wp-block-column-is-layout-flow\">\n<figure class=\"wp-block-image size-full\"><a href=\"https:\/\/www.capmonetique.com\/\" target=\"_blank\" rel=\"noreferrer noopener\"><img loading=\"lazy\" decoding=\"async\" width=\"500\" height=\"400\" src=\"https:\/\/assises.csiesr.eu\/2025\/wp-content\/uploads\/sites\/8\/2023\/03\/capmonetique.png\" alt=\"Groupe Cap Mon\u00e9tique cr\u00e9ateur de syst\u00e8mes \u00e0 cartes\" class=\"wp-image-1003\" srcset=\"https:\/\/assises.csiesr.eu\/2025\/wp-content\/uploads\/sites\/8\/2023\/03\/capmonetique.png 500w, https:\/\/assises.csiesr.eu\/2025\/wp-content\/uploads\/sites\/8\/2023\/03\/capmonetique-300x240.png 300w\" sizes=\"(max-width: 500px) 100vw, 500px\" \/><\/a><\/figure>\n<\/div>\n<\/div>\n\n\n\n<div class=\"wp-block-columns marge0 is-layout-flex wp-container-core-columns-is-layout-9d6595d7 wp-block-columns-is-layout-flex\">\n<div class=\"wp-block-column is-layout-flow wp-block-column-is-layout-flow\">\n<figure class=\"wp-block-image size-full\"><a href=\"https:\/\/www.docaposte.com\" target=\"_blank\" rel=\" noreferrer noopener\"><img loading=\"lazy\" decoding=\"async\" width=\"500\" height=\"400\" src=\"https:\/\/assises.csiesr.eu\/2025\/wp-content\/uploads\/sites\/8\/2025\/02\/docaposte.png\" alt=\"\" class=\"wp-image-1594\" srcset=\"https:\/\/assises.csiesr.eu\/2025\/wp-content\/uploads\/sites\/8\/2025\/02\/docaposte.png 500w, https:\/\/assises.csiesr.eu\/2025\/wp-content\/uploads\/sites\/8\/2025\/02\/docaposte-300x240.png 300w\" sizes=\"(max-width: 500px) 100vw, 500px\" \/><\/a><\/figure>\n<\/div>\n\n\n\n<div class=\"wp-block-column is-layout-flow wp-block-column-is-layout-flow\">\n<figure class=\"wp-block-image size-full\"><a href=\"https:\/\/www.econocom.com\/fr\" target=\"_blank\" rel=\" noreferrer noopener\"><img loading=\"lazy\" decoding=\"async\" width=\"500\" height=\"400\" src=\"https:\/\/assises.csiesr.eu\/2025\/wp-content\/uploads\/sites\/8\/2023\/04\/logo_econocom_apple_education.jpg\" alt=\"\" class=\"wp-image-1597\" srcset=\"https:\/\/assises.csiesr.eu\/2025\/wp-content\/uploads\/sites\/8\/2023\/04\/logo_econocom_apple_education.jpg 500w, https:\/\/assises.csiesr.eu\/2025\/wp-content\/uploads\/sites\/8\/2023\/04\/logo_econocom_apple_education-300x240.jpg 300w\" sizes=\"(max-width: 500px) 100vw, 500px\" \/><\/a><\/figure>\n<\/div>\n\n\n\n<div class=\"wp-block-column is-layout-flow wp-block-column-is-layout-flow\">\n<figure class=\"wp-block-image size-full\"><a href=\"https:\/\/edusign.com\/fr\/\" target=\"_blank\" rel=\" noreferrer noopener\"><img loading=\"lazy\" decoding=\"async\" width=\"500\" height=\"400\" src=\"https:\/\/assises.csiesr.eu\/2025\/wp-content\/uploads\/sites\/8\/2025\/02\/edusign.png\" alt=\"\" class=\"wp-image-1643\" srcset=\"https:\/\/assises.csiesr.eu\/2025\/wp-content\/uploads\/sites\/8\/2025\/02\/edusign.png 500w, https:\/\/assises.csiesr.eu\/2025\/wp-content\/uploads\/sites\/8\/2025\/02\/edusign-300x240.png 300w\" sizes=\"(max-width: 500px) 100vw, 500px\" \/><\/a><\/figure>\n<\/div>\n\n\n\n<div class=\"wp-block-column is-layout-flow wp-block-column-is-layout-flow\">\n<figure class=\"wp-block-image size-full\"><a href=\"https:\/\/www.fusiondirectory.org\/\" target=\"_blank\" rel=\"noreferrer noopener\"><img loading=\"lazy\" decoding=\"async\" width=\"500\" height=\"400\" src=\"https:\/\/assises.csiesr.eu\/2025\/wp-content\/uploads\/sites\/8\/2023\/03\/fusiondirectory.png\" alt=\"Fusion Directory\" class=\"wp-image-1011\" srcset=\"https:\/\/assises.csiesr.eu\/2025\/wp-content\/uploads\/sites\/8\/2023\/03\/fusiondirectory.png 500w, https:\/\/assises.csiesr.eu\/2025\/wp-content\/uploads\/sites\/8\/2023\/03\/fusiondirectory-300x240.png 300w\" sizes=\"(max-width: 500px) 100vw, 500px\" \/><\/a><\/figure>\n<\/div>\n<\/div>\n\n\n\n<div class=\"wp-block-columns marge0 is-layout-flex wp-container-core-columns-is-layout-9d6595d7 wp-block-columns-is-layout-flex\">\n<div class=\"wp-block-column is-vertically-aligned-center is-layout-flow wp-block-column-is-layout-flow\">\n<figure class=\"wp-block-image size-full\"><a href=\"https:\/\/cloud.google.com\/\" target=\"_blank\" rel=\" noreferrer noopener\"><img loading=\"lazy\" decoding=\"async\" width=\"500\" height=\"200\" src=\"https:\/\/assises.csiesr.eu\/2025\/wp-content\/uploads\/sites\/8\/2025\/03\/googlecloud_50prct.jpg\" alt=\"Google Cloud\" class=\"wp-image-1817\" srcset=\"https:\/\/assises.csiesr.eu\/2025\/wp-content\/uploads\/sites\/8\/2025\/03\/googlecloud_50prct.jpg 500w, https:\/\/assises.csiesr.eu\/2025\/wp-content\/uploads\/sites\/8\/2025\/03\/googlecloud_50prct-300x120.jpg 300w\" sizes=\"(max-width: 500px) 100vw, 500px\" \/><\/a><\/figure>\n\n\n\n<figure class=\"wp-block-image size-full\"><a href=\"https:\/\/www.s3ns.io\/\" target=\"_blank\" rel=\" noreferrer noopener\"><img loading=\"lazy\" decoding=\"async\" width=\"500\" height=\"200\" src=\"https:\/\/assises.csiesr.eu\/2025\/wp-content\/uploads\/sites\/8\/2025\/03\/s3ns_50prct.jpg\" alt=\"\" class=\"wp-image-1816\" srcset=\"https:\/\/assises.csiesr.eu\/2025\/wp-content\/uploads\/sites\/8\/2025\/03\/s3ns_50prct.jpg 500w, https:\/\/assises.csiesr.eu\/2025\/wp-content\/uploads\/sites\/8\/2025\/03\/s3ns_50prct-300x120.jpg 300w\" sizes=\"(max-width: 500px) 100vw, 500px\" \/><\/a><\/figure>\n<\/div>\n\n\n\n<div class=\"wp-block-column is-layout-flow wp-block-column-is-layout-flow\">\n<figure class=\"wp-block-image size-full\"><a href=\"https:\/\/consumer.huawei.com\/fr\/\" target=\"_blank\" rel=\" noreferrer noopener\"><img loading=\"lazy\" decoding=\"async\" width=\"500\" height=\"400\" src=\"https:\/\/assises.csiesr.eu\/2025\/wp-content\/uploads\/sites\/8\/2025\/02\/huawei_logo.png\" alt=\"\" class=\"wp-image-1599\" srcset=\"https:\/\/assises.csiesr.eu\/2025\/wp-content\/uploads\/sites\/8\/2025\/02\/huawei_logo.png 500w, https:\/\/assises.csiesr.eu\/2025\/wp-content\/uploads\/sites\/8\/2025\/02\/huawei_logo-300x240.png 300w\" sizes=\"(max-width: 500px) 100vw, 500px\" \/><\/a><\/figure>\n<\/div>\n\n\n\n<div class=\"wp-block-column is-vertically-aligned-center is-layout-flow wp-block-column-is-layout-flow\">\n<figure class=\"wp-block-image size-full\"><a href=\"https:\/\/www.jalios.com\/jcms\/j_6\/fr\/accueil\" target=\"_blank\" rel=\"noreferrer noopener\"><img loading=\"lazy\" decoding=\"async\" width=\"500\" height=\"400\" src=\"https:\/\/assises.csiesr.eu\/2025\/wp-content\/uploads\/sites\/8\/2023\/03\/jalios.png\" alt=\"Jalios\" class=\"wp-image-1007\" srcset=\"https:\/\/assises.csiesr.eu\/2025\/wp-content\/uploads\/sites\/8\/2023\/03\/jalios.png 500w, https:\/\/assises.csiesr.eu\/2025\/wp-content\/uploads\/sites\/8\/2023\/03\/jalios-300x240.png 300w\" sizes=\"(max-width: 500px) 100vw, 500px\" \/><\/a><\/figure>\n<\/div>\n\n\n\n<div class=\"wp-block-column is-layout-flow wp-block-column-is-layout-flow\">\n<figure class=\"wp-block-image size-full\"><a href=\"https:\/\/www.libriciel.fr\/\" target=\"_blank\" rel=\"noreferrer noopener\"><img loading=\"lazy\" decoding=\"async\" width=\"500\" height=\"400\" src=\"https:\/\/assises.csiesr.eu\/2025\/wp-content\/uploads\/sites\/8\/2023\/03\/libriciel.png\" alt=\"Libriciel SCOP\" class=\"wp-image-1013\" srcset=\"https:\/\/assises.csiesr.eu\/2025\/wp-content\/uploads\/sites\/8\/2023\/03\/libriciel.png 500w, https:\/\/assises.csiesr.eu\/2025\/wp-content\/uploads\/sites\/8\/2023\/03\/libriciel-300x240.png 300w\" sizes=\"(max-width: 500px) 100vw, 500px\" \/><\/a><\/figure>\n<\/div>\n<\/div>\n\n\n\n<div class=\"wp-block-columns marge0 is-layout-flex wp-container-core-columns-is-layout-9d6595d7 wp-block-columns-is-layout-flex\">\n<div class=\"wp-block-column is-layout-flow wp-block-column-is-layout-flow\">\n<figure class=\"wp-block-image size-full\"><a href=\"https:\/\/www.nutanix.com\/fr\" target=\"_blank\" rel=\"noreferrer noopener\"><img loading=\"lazy\" decoding=\"async\" width=\"500\" height=\"400\" src=\"https:\/\/assises.csiesr.eu\/2025\/wp-content\/uploads\/sites\/8\/2023\/04\/nutanix.png\" alt=\"\" class=\"wp-image-1071\" srcset=\"https:\/\/assises.csiesr.eu\/2025\/wp-content\/uploads\/sites\/8\/2023\/04\/nutanix.png 500w, https:\/\/assises.csiesr.eu\/2025\/wp-content\/uploads\/sites\/8\/2023\/04\/nutanix-300x240.png 300w\" sizes=\"(max-width: 500px) 100vw, 500px\" \/><\/a><\/figure>\n<\/div>\n\n\n\n<div class=\"wp-block-column is-layout-flow wp-block-column-is-layout-flow\">\n<figure class=\"wp-block-image size-full\"><a href=\"https:\/\/www.redhat.com\/fr\" target=\"_blank\" rel=\"noreferrer noopener\"><img loading=\"lazy\" decoding=\"async\" width=\"500\" height=\"400\" src=\"https:\/\/assises.csiesr.eu\/2025\/wp-content\/uploads\/sites\/8\/2023\/03\/mongodb.png\" alt=\"MongoDB\" class=\"wp-image-1019\" srcset=\"https:\/\/assises.csiesr.eu\/2025\/wp-content\/uploads\/sites\/8\/2023\/03\/mongodb.png 500w, https:\/\/assises.csiesr.eu\/2025\/wp-content\/uploads\/sites\/8\/2023\/03\/mongodb-300x240.png 300w\" sizes=\"(max-width: 500px) 100vw, 500px\" \/><\/a><\/figure>\n<\/div>\n\n\n\n<div class=\"wp-block-column is-layout-flow wp-block-column-is-layout-flow\">\n<figure class=\"wp-block-image size-full\"><a href=\"https:\/\/saltosystems.com\/fr-fr\/\" target=\"_blank\" rel=\" noreferrer noopener\"><img loading=\"lazy\" decoding=\"async\" width=\"500\" height=\"400\" src=\"https:\/\/assises.csiesr.eu\/2025\/wp-content\/uploads\/sites\/8\/2025\/03\/salto.png\" alt=\"salto inspired access\" class=\"wp-image-1806\" srcset=\"https:\/\/assises.csiesr.eu\/2025\/wp-content\/uploads\/sites\/8\/2025\/03\/salto.png 500w, https:\/\/assises.csiesr.eu\/2025\/wp-content\/uploads\/sites\/8\/2025\/03\/salto-300x240.png 300w\" sizes=\"(max-width: 500px) 100vw, 500px\" \/><\/a><\/figure>\n<\/div>\n\n\n\n<div class=\"wp-block-column is-layout-flow wp-block-column-is-layout-flow\">\n<figure class=\"wp-block-image size-full\"><a href=\"https:\/\/solutions.srci.fr\/\" target=\"_blank\" rel=\"noreferrer noopener\"><img loading=\"lazy\" decoding=\"async\" width=\"500\" height=\"400\" src=\"https:\/\/assises.csiesr.eu\/2025\/wp-content\/uploads\/sites\/8\/2023\/03\/salviadeveloppement.png\" alt=\"SALVIA D\u00e9veloppement\" class=\"wp-image-1016\" srcset=\"https:\/\/assises.csiesr.eu\/2025\/wp-content\/uploads\/sites\/8\/2023\/03\/salviadeveloppement.png 500w, https:\/\/assises.csiesr.eu\/2025\/wp-content\/uploads\/sites\/8\/2023\/03\/salviadeveloppement-300x240.png 300w\" sizes=\"(max-width: 500px) 100vw, 500px\" \/><\/a><\/figure>\n<\/div>\n<\/div>\n\n\n\n<div class=\"wp-block-columns marge0 is-layout-flex wp-container-core-columns-is-layout-9d6595d7 wp-block-columns-is-layout-flex\">\n<div class=\"wp-block-column is-layout-flow wp-block-column-is-layout-flow\">\n<figure class=\"wp-block-gallery has-nested-images columns-default is-cropped wp-block-gallery-1 is-layout-flex wp-block-gallery-is-layout-flex\"><\/figure>\n<\/div>\n\n\n\n<div class=\"wp-block-column is-layout-flow wp-block-column-is-layout-flow\">\n<figure class=\"wp-block-image size-large\"><a href=\"http:\/\/www.z0gravity.com\/\" target=\"_blank\" rel=\" noreferrer noopener\"><img loading=\"lazy\" decoding=\"async\" width=\"500\" height=\"400\" src=\"https:\/\/assises.csiesr.eu\/2025\/wp-content\/uploads\/sites\/8\/2025\/02\/z0gravity.png\" alt=\"\" class=\"wp-image-1750\" srcset=\"https:\/\/assises.csiesr.eu\/2025\/wp-content\/uploads\/sites\/8\/2025\/02\/z0gravity.png 500w, https:\/\/assises.csiesr.eu\/2025\/wp-content\/uploads\/sites\/8\/2025\/02\/z0gravity-300x240.png 300w\" sizes=\"(max-width: 500px) 100vw, 500px\" \/><\/a><\/figure>\n<\/div>\n\n\n\n<div class=\"wp-block-column is-layout-flow wp-block-column-is-layout-flow\">\n<figure class=\"wp-block-image size-large\"><img loading=\"lazy\" decoding=\"async\" width=\"500\" height=\"400\" src=\"https:\/\/assises.csiesr.eu\/2025\/wp-content\/uploads\/sites\/8\/2025\/02\/zextras_logos.png\" alt=\"\" class=\"wp-image-1600\" srcset=\"https:\/\/assises.csiesr.eu\/2025\/wp-content\/uploads\/sites\/8\/2025\/02\/zextras_logos.png 500w, https:\/\/assises.csiesr.eu\/2025\/wp-content\/uploads\/sites\/8\/2025\/02\/zextras_logos-300x240.png 300w\" sizes=\"(max-width: 500px) 100vw, 500px\" \/><\/figure>\n<\/div>\n\n\n\n<div class=\"wp-block-column is-layout-flow wp-block-column-is-layout-flow\"><\/div>\n<\/div>\n","protected":false},"excerpt":{"rendered":"","protected":false},"author":1,"featured_media":0,"parent":0,"menu_order":0,"comment_status":"closed","ping_status":"closed","template":"page-templates\/template_fullwidth.php","meta":{"footnotes":""},"class_list":["post-544","page","type-page","status-publish","hentry","col-lg-4 col-md-6"],"_links":{"self":[{"href":"https:\/\/assises.csiesr.eu\/2025\/wp-json\/wp\/v2\/pages\/544","targetHints":{"allow":["GET"]}}],"collection":[{"href":"https:\/\/assises.csiesr.eu\/2025\/wp-json\/wp\/v2\/pages"}],"about":[{"href":"https:\/\/assises.csiesr.eu\/2025\/wp-json\/wp\/v2\/types\/page"}],"author":[{"embeddable":true,"href":"https:\/\/assises.csiesr.eu\/2025\/wp-json\/wp\/v2\/users\/1"}],"replies":[{"embeddable":true,"href":"https:\/\/assises.csiesr.eu\/2025\/wp-json\/wp\/v2\/comments?post=544"}],"version-history":[{"count":39,"href":"https:\/\/assises.csiesr.eu\/2025\/wp-json\/wp\/v2\/pages\/544\/revisions"}],"predecessor-version":[{"id":1820,"href":"https:\/\/assises.csiesr.eu\/2025\/wp-json\/wp\/v2\/pages\/544\/revisions\/1820"}],"wp:attachment":[{"href":"https:\/\/assises.csiesr.eu\/2025\/wp-json\/wp\/v2\/media?parent=544"}],"curies":[{"name":"wp","href":"https:\/\/api.w.org\/{rel}","templated":true}]}}