{"id":466,"date":"2022-10-15T16:27:39","date_gmt":"2022-10-15T14:27:39","guid":{"rendered":"https:\/\/assises.csiesr.eu\/2025\/?page_id=466"},"modified":"2025-02-19T14:24:01","modified_gmt":"2025-02-19T13:24:01","slug":"inscription-partenaires","status":"publish","type":"page","link":"https:\/\/assises.csiesr.eu\/2025\/inscription-partenaires\/","title":{"rendered":"Inscription partenaires"},"content":{"rendered":"\t\t<div data-elementor-type=\"wp-page\" data-elementor-id=\"466\" class=\"elementor elementor-466\">\n\t\t\t\t\t\t<section class=\"elementor-section elementor-top-section elementor-element elementor-element-2864bf8b elementor-section-boxed elementor-section-height-default elementor-section-height-default\" data-id=\"2864bf8b\" data-element_type=\"section\">\n\t\t\t\t\t\t<div class=\"elementor-container elementor-column-gap-default\">\n\t\t\t\t\t<div class=\"elementor-column elementor-col-100 elementor-top-column elementor-element elementor-element-7a89ba49\" data-id=\"7a89ba49\" data-element_type=\"column\">\n\t\t\t<div class=\"elementor-widget-wrap elementor-element-populated\">\n\t\t\t\t\t\t<div class=\"elementor-element elementor-element-6251747e elementor-widget elementor-widget-text-editor\" data-id=\"6251747e\" data-element_type=\"widget\" data-widget_type=\"text-editor.default\">\n\t\t\t\t<div class=\"elementor-widget-container\">\n\t\t\t<style>\/*! elementor - v3.20.0 - 11-03-2024 *\/\n.elementor-widget-text-editor.elementor-drop-cap-view-stacked .elementor-drop-cap{background-color:#69727d;color:#fff}.elementor-widget-text-editor.elementor-drop-cap-view-framed .elementor-drop-cap{color:#69727d;border:3px solid;background-color:transparent}.elementor-widget-text-editor:not(.elementor-drop-cap-view-default) .elementor-drop-cap{margin-top:8px}.elementor-widget-text-editor:not(.elementor-drop-cap-view-default) .elementor-drop-cap-letter{width:1em;height:1em}.elementor-widget-text-editor .elementor-drop-cap{float:left;text-align:center;line-height:1;font-size:50px}.elementor-widget-text-editor .elementor-drop-cap-letter{display:inline-block}<\/style>\t\t\t\t<p><!-- wp:paragraph --><\/p>\n<p id=\"gmail-h.p_9dIE9ck7wAzJ\"><strong>Les inscriptions sont en cours.<br \/><\/strong><\/p>\n<p><!-- \/wp:paragraph --><!-- wp:paragraph --><\/p>\n<p id=\"gmail-h.p_Z40qMRrhHde4\"><strong>Pour toute question, \u00e9crire \u00e0 l&#8217;adresse :\u00a0<a href=\"mailto:assises.contact@csiesr.eu\" target=\"_blank\" rel=\"noreferrer noopener\">assises.contact@csiesr.eu<\/a>\u00a0<\/strong><\/p>\n<p><!-- \/wp:paragraph --><!-- wp:paragraph --><\/p>\n<p>Les soci\u00e9t\u00e9s retenues par le comit\u00e9 d&#8217;organisation ont re\u00e7u un mail leur permettant de proc\u00e9der \u00e0 leur inscription.<\/p>\n<p><!-- \/wp:paragraph --><!-- wp:paragraph --><!-- \/wp:paragraph --><\/p>\t\t\t\t\t\t<\/div>\n\t\t\t\t<\/div>\n\t\t\t\t<section class=\"elementor-section elementor-inner-section elementor-element elementor-element-a03c105 elementor-section-full_width elementor-section-height-default elementor-section-height-default\" data-id=\"a03c105\" data-element_type=\"section\">\n\t\t\t\t\t\t<div class=\"elementor-container elementor-column-gap-default\">\n\t\t\t\t\t<div class=\"elementor-column elementor-col-50 elementor-inner-column elementor-element elementor-element-612d6fb\" data-id=\"612d6fb\" data-element_type=\"column\">\n\t\t\t<div class=\"elementor-widget-wrap elementor-element-populated\">\n\t\t\t\t\t\t<div class=\"elementor-element elementor-element-2f7698b eael-pricing-content-align-center eael-pricing-button-align-center elementor-widget elementor-widget-eael-pricing-table\" data-id=\"2f7698b\" data-element_type=\"widget\" id=\"inspart1\" data-widget_type=\"eael-pricing-table.default\">\n\t\t\t\t<div class=\"elementor-widget-container\">\n\t\t\t                    <div class=\"eael-pricing style-1 eael-header-devider\">\n                <div class=\"eael-pricing-item \">\n                    <div class=\"header\">\n                        <h2 class=\"title\">Inscription en demi pension<p><small><small><small>(D\u00e9part du centre tous les soirs avant 18h00)<\/small><\/small><\/small><\/p><\/h2>\n                    <\/div>\n                    <div class=\"eael-pricing-tag\">\n                        <span class=\"price-tag\"><span class=\"original-price\">460 \u20ac H.T. \/ 506 T.T.C.<span class=\"price-currency\"><\/span>\n                    <\/span><\/span><span class=\"price-period\"><\/span>                    <\/div>\n                    <div class=\"body\">\n                                <ul>\n                            <li class=\"eael-pricing-item-feature elementor-repeater-item-22e2c59\">\n                    \n                                <span class=\"li-icon\">\n                <i aria-hidden=\"true\" class=\"fas fa-times\"><\/i>            <\/span>\n\n        \n                    <span >Acc\u00e8s \u00e0 toutes les conf\u00e9rences<\/span>\n                    \n                     \n                <\/li>\n                            <li class=\"eael-pricing-item-feature elementor-repeater-item-56daa53\">\n                    \n                                <span class=\"li-icon\">\n                <i aria-hidden=\"true\" class=\"fas fa-times\"><\/i>            <\/span>\n\n        \n                    <span >S\u00e9jour avec chambre<\/span>\n                    \n                     \n                <\/li>\n                            <li class=\"eael-pricing-item-feature elementor-repeater-item-d3e3c20\">\n                    \n                                <span class=\"li-icon\">\n                <i aria-hidden=\"true\" class=\"fas fa-times\"><\/i>            <\/span>\n\n        \n                    <span >Petit-d\u00e9jeuner<\/span>\n                    \n                     \n                <\/li>\n                            <li class=\"eael-pricing-item-feature elementor-repeater-item-3ca2b9f\">\n                    \n                                <span class=\"li-icon\">\n                <i aria-hidden=\"true\" class=\"fas fa-check\"><\/i>            <\/span>\n\n        \n                    <span >D\u00e9jeuner<\/span>\n                    \n                     \n                <\/li>\n                            <li class=\"eael-pricing-item-feature elementor-repeater-item-3b70493\">\n                    \n                                <span class=\"li-icon\">\n                <i aria-hidden=\"true\" class=\"fas fa-times\"><\/i>            <\/span>\n\n        \n                    <span >D\u00eener<\/span>\n                    \n                     \n                <\/li>\n                    <\/ul>\n                        <\/div>\n\t                                <\/div>\n            <\/div>\n                    \t\t<\/div>\n\t\t\t\t<\/div>\n\t\t\t\t\t<\/div>\n\t\t<\/div>\n\t\t\t\t<section class=\"elementor-column elementor-col-50 elementor-inner-column elementor-element elementor-element-5483d19\" data-id=\"5483d19\" data-element_type=\"column\">\n\t\t\t<div class=\"elementor-widget-wrap elementor-element-populated\">\n\t\t\t\t\t\t<div class=\"elementor-element elementor-element-72aacbc elementor-widget__width-initial eael-pricing-content-align-center eael-pricing-button-align-center elementor-widget elementor-widget-eael-pricing-table\" data-id=\"72aacbc\" data-element_type=\"widget\" data-widget_type=\"eael-pricing-table.default\">\n\t\t\t\t<div class=\"elementor-widget-container\">\n\t\t\t                    <div class=\"eael-pricing style-1 eael-header-devider\">\n                <div class=\"eael-pricing-item featured ribbon-1\">\n                    <div class=\"header\">\n                        <h2 class=\"title\">Inscription en pension compl\u00e8te<\/h2>\n                    <\/div>\n                    <div class=\"eael-pricing-tag\">\n                        <span class=\"price-tag\"><span class=\"original-price\">780 \u20ac H.T. \/ 858 T.T.C.<span class=\"price-currency\"><\/span>\n                    <\/span><\/span><span class=\"price-period\"><\/span>                    <\/div>\n                    <div class=\"body\">\n                                <ul>\n                            <li class=\"eael-pricing-item-feature elementor-repeater-item-22e2c59\">\n                    \n                                <span class=\"li-icon\">\n                <i aria-hidden=\"true\" class=\"fas fa-times\"><\/i>            <\/span>\n\n        \n                    <span >Acc\u00e8s \u00e0 toutes les conf\u00e9rences<\/span>\n                    \n                     \n                <\/li>\n                            <li class=\"eael-pricing-item-feature elementor-repeater-item-56daa53\">\n                    \n                                <span class=\"li-icon\">\n                <i aria-hidden=\"true\" class=\"fas fa-check\"><\/i>            <\/span>\n\n        \n                    <span >S\u00e9jour avec chambre<\/span>\n                    \n                     \n                <\/li>\n                            <li class=\"eael-pricing-item-feature elementor-repeater-item-d3e3c20\">\n                    \n                                <span class=\"li-icon\">\n                <i aria-hidden=\"true\" class=\"fas fa-check\"><\/i>            <\/span>\n\n        \n                    <span >Petit-d\u00e9jeuner<\/span>\n                    \n                     \n                <\/li>\n                            <li class=\"eael-pricing-item-feature elementor-repeater-item-3ca2b9f\">\n                    \n                                <span class=\"li-icon\">\n                <i aria-hidden=\"true\" class=\"fas fa-check\"><\/i>            <\/span>\n\n        \n                    <span >D\u00e9jeuner<\/span>\n                    \n                     \n                <\/li>\n                            <li class=\"eael-pricing-item-feature elementor-repeater-item-3b70493\">\n                    \n                                <span class=\"li-icon\">\n                <i aria-hidden=\"true\" class=\"fas fa-check\"><\/i>            <\/span>\n\n        \n                    <span >D\u00eener<\/span>\n                    \n                     \n                <\/li>\n                    <\/ul>\n                        <\/div>\n\t                                <\/div>\n            <\/div>\n                    \t\t<\/div>\n\t\t\t\t<\/div>\n\t\t\t\t\t<\/div>\n\t\t<\/section>\n\t\t\t\t\t<\/div>\n\t\t<\/section>\n\t\t\t\t<div class=\"elementor-element elementor-element-d9fa064 elementor-widget elementor-widget-text-editor\" data-id=\"d9fa064\" data-element_type=\"widget\" data-widget_type=\"text-editor.default\">\n\t\t\t\t<div class=\"elementor-widget-container\">\n\t\t\t\t\t\t\t<p><!-- wp:paragraph --><!-- \/wp:list --><!-- wp:paragraph --><\/p>\n<p id=\"gmail-h.p_I_raMhQcvczr\"><em>(<strong>TVA \u00e0 10%<\/strong>).<\/em><br \/>Ces tarifs sont\u00a0<strong>indivisibles.<\/strong><\/p>\n<p><!-- \/wp:paragraph --><!-- wp:paragraph --><\/p>\n<p id=\"gmail-h.p_ZOdtia7rvczs\">Ils ne comprennent pas les frais de transport, de stationnement, les consommations individuelles ou extras.<\/p>\n<p><!-- \/wp:paragraph --><!-- wp:paragraph --><\/p>\n<p><em>Ce formulaire est valable pour l\u2019inscription aux assises du CSIESR<\/em><br \/><em>La pr\u00e9sidence du CSIESR s\u2019engage \u00e0 ce que les donn\u00e9es collect\u00e9es :<\/em><br \/><em>\u00a0 \u2013 patronyme,<\/em><br \/><em>\u00a0 \u2013 courriel professionnel,<\/em><br \/><em>\u00a0 \u2013 soci\u00e9t\u00e9,<\/em><br \/><em>\u00a0 \u2013 adresse professionnelle<\/em><br \/><em>soient uniquement utilis\u00e9es pour la gestion des assises<\/em><\/p>\n<p><!-- \/wp:paragraph --><!-- wp:paragraph --><\/p>\n<p><em>Proc\u00e9dure d&#8217;inscription:<\/em><\/p>\n<p><!-- \/wp:paragraph --><!-- wp:paragraph --><\/p>\n<p><em>Si votre soci\u00e9t\u00e9 a \u00e9t\u00e9 retenue comme partenaire par le comit\u00e9 d&#8217;organisation des assises, vous avez re\u00e7u par mail\u00a0un lien direct vous permettant de vous inscrire comme partenaire sur notre site.<\/em><\/p>\n<p><!-- \/wp:paragraph --><!-- wp:paragraph --><\/p>\n<p><em><strong>Pour toutes questions , \u00e9crire \u00e0 l&#8217;adresse :\u00a0<\/strong><\/em><a href=\"mailto:assises.contact@csiesr.eu\">assises.contact@csiesr.eu<\/a><em><a href=\"mailto:gestion@csiesr.eu\" target=\"_blank\" rel=\"noreferrer noopener\">\u00a0<\/a><\/em><\/p>\n<p><!-- \/wp:paragraph --><\/p>\t\t\t\t\t\t<\/div>\n\t\t\t\t<\/div>\n\t\t\t\t\t<\/div>\n\t\t<\/div>\n\t\t\t\t\t<\/div>\n\t\t<\/section>\n\t\t\t\t<\/div>\n\t\t","protected":false},"excerpt":{"rendered":"<p>Les inscriptions sont en cours. Pour toute question, \u00e9crire \u00e0 l&#8217;adresse :\u00a0assises.contact@csiesr.eu\u00a0 Les soci\u00e9t\u00e9s retenues par le comit\u00e9 d&#8217;organisation ont [&hellip;]<\/p>\n","protected":false},"author":1,"featured_media":0,"parent":0,"menu_order":0,"comment_status":"closed","ping_status":"closed","template":"page-templates\/template_fullwidth.php","meta":{"footnotes":""},"class_list":["post-466","page","type-page","status-publish","hentry","col-lg-4 col-md-6"],"_links":{"self":[{"href":"https:\/\/assises.csiesr.eu\/2025\/wp-json\/wp\/v2\/pages\/466","targetHints":{"allow":["GET"]}}],"collection":[{"href":"https:\/\/assises.csiesr.eu\/2025\/wp-json\/wp\/v2\/pages"}],"about":[{"href":"https:\/\/assises.csiesr.eu\/2025\/wp-json\/wp\/v2\/types\/page"}],"author":[{"embeddable":true,"href":"https:\/\/assises.csiesr.eu\/2025\/wp-json\/wp\/v2\/users\/1"}],"replies":[{"embeddable":true,"href":"https:\/\/assises.csiesr.eu\/2025\/wp-json\/wp\/v2\/comments?post=466"}],"version-history":[{"count":74,"href":"https:\/\/assises.csiesr.eu\/2025\/wp-json\/wp\/v2\/pages\/466\/revisions"}],"predecessor-version":[{"id":1691,"href":"https:\/\/assises.csiesr.eu\/2025\/wp-json\/wp\/v2\/pages\/466\/revisions\/1691"}],"wp:attachment":[{"href":"https:\/\/assises.csiesr.eu\/2025\/wp-json\/wp\/v2\/media?parent=466"}],"curies":[{"name":"wp","href":"https:\/\/api.w.org\/{rel}","templated":true}]}}