{"id":544,"date":"2022-10-18T16:41:18","date_gmt":"2022-10-18T14:41:18","guid":{"rendered":"https:\/\/assises.csiesr.eu\/2023\/?page_id=544"},"modified":"2023-05-04T16:20:43","modified_gmt":"2023-05-04T14:20:43","slug":"nos-partenaires","status":"publish","type":"page","link":"https:\/\/assises.csiesr.eu\/2023\/nos-partenaires\/","title":{"rendered":"Nos partenaires"},"content":{"rendered":"\n<div class=\"wp-block-columns is-layout-flex wp-container-core-columns-is-layout-9d6595d7 wp-block-columns-is-layout-flex\">\n<div class=\"wp-block-column is-layout-flow wp-block-column-is-layout-flow\">\n<figure class=\"wp-block-image size-full\"><a href=\"https:\/\/www.academicsoftware.eu\/\" target=\"_blank\" rel=\"noreferrer noopener\"><img fetchpriority=\"high\" decoding=\"async\" width=\"500\" height=\"400\" src=\"https:\/\/assises.csiesr.eu\/2023\/wp-content\/uploads\/sites\/2\/2023\/03\/academicsoftware.png\" alt=\"academic software\" class=\"wp-image-1006\" srcset=\"https:\/\/assises.csiesr.eu\/2023\/wp-content\/uploads\/sites\/2\/2023\/03\/academicsoftware.png 500w, https:\/\/assises.csiesr.eu\/2023\/wp-content\/uploads\/sites\/2\/2023\/03\/academicsoftware-300x240.png 300w\" sizes=\"(max-width: 500px) 100vw, 500px\" \/><\/a><\/figure>\n<\/div>\n\n\n\n<div class=\"wp-block-column is-layout-flow wp-block-column-is-layout-flow\">\n<figure class=\"wp-block-image size-full\"><a href=\"https:\/\/www.ametys.org\/campus\/fr\/index.html\" target=\"_blank\" rel=\"noreferrer noopener\"><img decoding=\"async\" width=\"500\" height=\"400\" src=\"https:\/\/assises.csiesr.eu\/2023\/wp-content\/uploads\/sites\/2\/2023\/03\/ametysanyware.png\" alt=\"ametys campus\" class=\"wp-image-1000\" srcset=\"https:\/\/assises.csiesr.eu\/2023\/wp-content\/uploads\/sites\/2\/2023\/03\/ametysanyware.png 500w, https:\/\/assises.csiesr.eu\/2023\/wp-content\/uploads\/sites\/2\/2023\/03\/ametysanyware-300x240.png 300w\" sizes=\"(max-width: 500px) 100vw, 500px\" \/><\/a><\/figure>\n<\/div>\n\n\n\n<div class=\"wp-block-column is-layout-flow wp-block-column-is-layout-flow\">\n<figure class=\"wp-block-image size-full\"><a href=\"https:\/\/www.atempo.com\/fr\/\" target=\"_blank\" rel=\"noreferrer noopener\"><img decoding=\"async\" width=\"500\" height=\"400\" src=\"https:\/\/assises.csiesr.eu\/2023\/wp-content\/uploads\/sites\/2\/2023\/03\/atempo.png\" alt=\"ATEMPO preserving data ecosystems\" class=\"wp-image-1009\" srcset=\"https:\/\/assises.csiesr.eu\/2023\/wp-content\/uploads\/sites\/2\/2023\/03\/atempo.png 500w, https:\/\/assises.csiesr.eu\/2023\/wp-content\/uploads\/sites\/2\/2023\/03\/atempo-300x240.png 300w\" sizes=\"(max-width: 500px) 100vw, 500px\" \/><\/a><\/figure>\n<\/div>\n<\/div>\n\n\n\n<div class=\"wp-block-columns is-layout-flex wp-container-core-columns-is-layout-9d6595d7 wp-block-columns-is-layout-flex\">\n<div class=\"wp-block-column is-layout-flow wp-block-column-is-layout-flow\">\n<figure class=\"wp-block-image size-full\"><a href=\"https:\/\/www.capmonetique.com\/\" target=\"_blank\" rel=\"noreferrer noopener\"><img loading=\"lazy\" decoding=\"async\" width=\"500\" height=\"400\" src=\"https:\/\/assises.csiesr.eu\/2023\/wp-content\/uploads\/sites\/2\/2023\/03\/capmonetique.png\" alt=\"Groupe Cap Mon\u00e9tique cr\u00e9ateur de syst\u00e8mes \u00e0 cartes\" class=\"wp-image-1003\" srcset=\"https:\/\/assises.csiesr.eu\/2023\/wp-content\/uploads\/sites\/2\/2023\/03\/capmonetique.png 500w, https:\/\/assises.csiesr.eu\/2023\/wp-content\/uploads\/sites\/2\/2023\/03\/capmonetique-300x240.png 300w\" sizes=\"(max-width: 500px) 100vw, 500px\" \/><\/a><\/figure>\n<\/div>\n\n\n\n<div class=\"wp-block-column is-layout-flow wp-block-column-is-layout-flow\">\n<figure class=\"wp-block-image size-full\"><a href=\"https:\/\/www.cegape.fr\/\" target=\"_blank\" rel=\"noreferrer noopener\"><img loading=\"lazy\" decoding=\"async\" width=\"500\" height=\"400\" src=\"https:\/\/assises.csiesr.eu\/2023\/wp-content\/uploads\/sites\/2\/2023\/03\/cegape.png\" alt=\"cegape\" class=\"wp-image-1001\" srcset=\"https:\/\/assises.csiesr.eu\/2023\/wp-content\/uploads\/sites\/2\/2023\/03\/cegape.png 500w, https:\/\/assises.csiesr.eu\/2023\/wp-content\/uploads\/sites\/2\/2023\/03\/cegape-300x240.png 300w\" sizes=\"(max-width: 500px) 100vw, 500px\" \/><\/a><\/figure>\n<\/div>\n\n\n\n<div class=\"wp-block-column is-layout-flow wp-block-column-is-layout-flow\">\n<figure class=\"wp-block-image size-full\"><a href=\"https:\/\/www.ceo-vision.com\/fr\" target=\"_blank\" rel=\"noreferrer noopener\"><img loading=\"lazy\" decoding=\"async\" width=\"500\" height=\"400\" src=\"https:\/\/assises.csiesr.eu\/2023\/wp-content\/uploads\/sites\/2\/2023\/03\/ceovision.png\" alt=\"GoFAST de CEO-Vision S.A.S.\" class=\"wp-image-999\" srcset=\"https:\/\/assises.csiesr.eu\/2023\/wp-content\/uploads\/sites\/2\/2023\/03\/ceovision.png 500w, https:\/\/assises.csiesr.eu\/2023\/wp-content\/uploads\/sites\/2\/2023\/03\/ceovision-300x240.png 300w\" sizes=\"(max-width: 500px) 100vw, 500px\" \/><\/a><\/figure>\n<\/div>\n<\/div>\n\n\n\n<div class=\"wp-block-columns is-layout-flex wp-container-core-columns-is-layout-9d6595d7 wp-block-columns-is-layout-flex\">\n<div class=\"wp-block-column is-layout-flow wp-block-column-is-layout-flow\">\n<figure class=\"wp-block-image size-full\"><a href=\"https:\/\/dawan.fr\/\" target=\"_blank\" rel=\"noreferrer noopener\"><img loading=\"lazy\" decoding=\"async\" width=\"500\" height=\"400\" src=\"https:\/\/assises.csiesr.eu\/2023\/wp-content\/uploads\/sites\/2\/2023\/03\/dawan.png\" alt=\"Dawan Training is our way\" class=\"wp-image-1002\" srcset=\"https:\/\/assises.csiesr.eu\/2023\/wp-content\/uploads\/sites\/2\/2023\/03\/dawan.png 500w, https:\/\/assises.csiesr.eu\/2023\/wp-content\/uploads\/sites\/2\/2023\/03\/dawan-300x240.png 300w\" sizes=\"(max-width: 500px) 100vw, 500px\" \/><\/a><\/figure>\n<\/div>\n\n\n\n<div class=\"wp-block-column is-layout-flow wp-block-column-is-layout-flow\">\n<figure class=\"wp-block-image size-full\"><a href=\"https:\/\/www.dell.com\/fr-fr\" target=\"_blank\" rel=\"noreferrer noopener\"><img loading=\"lazy\" decoding=\"async\" width=\"500\" height=\"400\" src=\"https:\/\/assises.csiesr.eu\/2023\/wp-content\/uploads\/sites\/2\/2023\/03\/delltechnologie.png\" alt=\"DELL Technologies\" class=\"wp-image-1004\" srcset=\"https:\/\/assises.csiesr.eu\/2023\/wp-content\/uploads\/sites\/2\/2023\/03\/delltechnologie.png 500w, https:\/\/assises.csiesr.eu\/2023\/wp-content\/uploads\/sites\/2\/2023\/03\/delltechnologie-300x240.png 300w\" sizes=\"(max-width: 500px) 100vw, 500px\" \/><\/a><\/figure>\n<\/div>\n\n\n\n<div class=\"wp-block-column is-layout-flow wp-block-column-is-layout-flow\">\n<figure class=\"wp-block-image size-full\"><a href=\"https:\/\/www.fusiondirectory.org\/\" target=\"_blank\" rel=\"noreferrer noopener\"><img loading=\"lazy\" decoding=\"async\" width=\"500\" height=\"400\" src=\"https:\/\/assises.csiesr.eu\/2023\/wp-content\/uploads\/sites\/2\/2023\/03\/fusiondirectory.png\" alt=\"Fusion Directory\" class=\"wp-image-1011\" srcset=\"https:\/\/assises.csiesr.eu\/2023\/wp-content\/uploads\/sites\/2\/2023\/03\/fusiondirectory.png 500w, https:\/\/assises.csiesr.eu\/2023\/wp-content\/uploads\/sites\/2\/2023\/03\/fusiondirectory-300x240.png 300w\" sizes=\"(max-width: 500px) 100vw, 500px\" \/><\/a><\/figure>\n<\/div>\n<\/div>\n\n\n\n<div class=\"wp-block-columns is-layout-flex wp-container-core-columns-is-layout-9d6595d7 wp-block-columns-is-layout-flex\">\n<div class=\"wp-block-column is-layout-flow wp-block-column-is-layout-flow\">\n<figure class=\"wp-block-image size-full\"><a href=\"https:\/\/www.google.fr\/\" target=\"_blank\" rel=\"noreferrer noopener\"><img loading=\"lazy\" decoding=\"async\" width=\"500\" height=\"400\" src=\"https:\/\/assises.csiesr.eu\/2023\/wp-content\/uploads\/sites\/2\/2023\/03\/google.jpg\" alt=\"Google\" class=\"wp-image-1005\" srcset=\"https:\/\/assises.csiesr.eu\/2023\/wp-content\/uploads\/sites\/2\/2023\/03\/google.jpg 500w, https:\/\/assises.csiesr.eu\/2023\/wp-content\/uploads\/sites\/2\/2023\/03\/google-300x240.jpg 300w\" sizes=\"(max-width: 500px) 100vw, 500px\" \/><\/a><\/figure>\n<\/div>\n\n\n\n<div class=\"wp-block-column is-layout-flow wp-block-column-is-layout-flow\">\n<figure class=\"wp-block-image size-full\"><a href=\"https:\/\/www.hpe.com\/fr\/fr\/home.html\" target=\"_blank\" rel=\"noreferrer noopener\"><img loading=\"lazy\" decoding=\"async\" width=\"500\" height=\"400\" src=\"https:\/\/assises.csiesr.eu\/2023\/wp-content\/uploads\/sites\/2\/2023\/03\/hewlettpackard.png\" alt=\"Hewlette Packard Enterprise\" class=\"wp-image-1012\" srcset=\"https:\/\/assises.csiesr.eu\/2023\/wp-content\/uploads\/sites\/2\/2023\/03\/hewlettpackard.png 500w, https:\/\/assises.csiesr.eu\/2023\/wp-content\/uploads\/sites\/2\/2023\/03\/hewlettpackard-300x240.png 300w\" sizes=\"(max-width: 500px) 100vw, 500px\" \/><\/a><\/figure>\n<\/div>\n\n\n\n<div class=\"wp-block-column is-layout-flow wp-block-column-is-layout-flow\">\n<figure class=\"wp-block-image size-full\"><a href=\"https:\/\/www.jalios.com\/jcms\/j_6\/fr\/accueil\" target=\"_blank\" rel=\"noreferrer noopener\"><img loading=\"lazy\" decoding=\"async\" width=\"500\" height=\"400\" src=\"https:\/\/assises.csiesr.eu\/2023\/wp-content\/uploads\/sites\/2\/2023\/03\/jalios.png\" alt=\"Jalios\" class=\"wp-image-1007\" srcset=\"https:\/\/assises.csiesr.eu\/2023\/wp-content\/uploads\/sites\/2\/2023\/03\/jalios.png 500w, https:\/\/assises.csiesr.eu\/2023\/wp-content\/uploads\/sites\/2\/2023\/03\/jalios-300x240.png 300w\" sizes=\"(max-width: 500px) 100vw, 500px\" \/><\/a><\/figure>\n<\/div>\n<\/div>\n\n\n\n<div class=\"wp-block-columns is-layout-flex wp-container-core-columns-is-layout-9d6595d7 wp-block-columns-is-layout-flex\">\n<div class=\"wp-block-column is-layout-flow wp-block-column-is-layout-flow\">\n<figure class=\"wp-block-image size-full\"><a href=\"https:\/\/www.libriciel.fr\/\" target=\"_blank\" rel=\"noreferrer noopener\"><img loading=\"lazy\" decoding=\"async\" width=\"500\" height=\"400\" src=\"https:\/\/assises.csiesr.eu\/2023\/wp-content\/uploads\/sites\/2\/2023\/03\/libriciel.png\" alt=\"Libriciel SCOP\" class=\"wp-image-1013\" srcset=\"https:\/\/assises.csiesr.eu\/2023\/wp-content\/uploads\/sites\/2\/2023\/03\/libriciel.png 500w, https:\/\/assises.csiesr.eu\/2023\/wp-content\/uploads\/sites\/2\/2023\/03\/libriciel-300x240.png 300w\" sizes=\"(max-width: 500px) 100vw, 500px\" \/><\/a><\/figure>\n<\/div>\n\n\n\n<div class=\"wp-block-column is-layout-flow wp-block-column-is-layout-flow\">\n<figure class=\"wp-block-image size-full\"><a href=\"https:\/\/www.passbolt.com\/\" target=\"_blank\" rel=\"noreferrer noopener\"><img loading=\"lazy\" decoding=\"async\" width=\"500\" height=\"400\" src=\"https:\/\/assises.csiesr.eu\/2023\/wp-content\/uploads\/sites\/2\/2023\/03\/passbolt.png\" alt=\"passbolt\" class=\"wp-image-1015\" srcset=\"https:\/\/assises.csiesr.eu\/2023\/wp-content\/uploads\/sites\/2\/2023\/03\/passbolt.png 500w, https:\/\/assises.csiesr.eu\/2023\/wp-content\/uploads\/sites\/2\/2023\/03\/passbolt-300x240.png 300w\" sizes=\"(max-width: 500px) 100vw, 500px\" \/><\/a><\/figure>\n<\/div>\n\n\n\n<div class=\"wp-block-column is-layout-flow wp-block-column-is-layout-flow\">\n<figure class=\"wp-block-image size-full\"><a href=\"https:\/\/www.nutanix.com\/fr\" target=\"_blank\" rel=\"noreferrer noopener\"><img loading=\"lazy\" decoding=\"async\" width=\"500\" height=\"400\" src=\"https:\/\/assises.csiesr.eu\/2023\/wp-content\/uploads\/sites\/2\/2023\/04\/nutanix.png\" alt=\"\" class=\"wp-image-1071\" srcset=\"https:\/\/assises.csiesr.eu\/2023\/wp-content\/uploads\/sites\/2\/2023\/04\/nutanix.png 500w, https:\/\/assises.csiesr.eu\/2023\/wp-content\/uploads\/sites\/2\/2023\/04\/nutanix-300x240.png 300w\" sizes=\"(max-width: 500px) 100vw, 500px\" \/><\/a><\/figure>\n<\/div>\n<\/div>\n\n\n\n<div class=\"wp-block-columns is-layout-flex wp-container-core-columns-is-layout-9d6595d7 wp-block-columns-is-layout-flex\">\n<div class=\"wp-block-column is-layout-flow wp-block-column-is-layout-flow\">\n<figure class=\"wp-block-image size-full\"><img loading=\"lazy\" decoding=\"async\" width=\"500\" height=\"400\" src=\"https:\/\/assises.csiesr.eu\/2023\/wp-content\/uploads\/sites\/2\/2023\/05\/Logo_ReadyEducation.png\" alt=\"Ready Education\" class=\"wp-image-1177\" srcset=\"https:\/\/assises.csiesr.eu\/2023\/wp-content\/uploads\/sites\/2\/2023\/05\/Logo_ReadyEducation.png 500w, https:\/\/assises.csiesr.eu\/2023\/wp-content\/uploads\/sites\/2\/2023\/05\/Logo_ReadyEducation-300x240.png 300w\" sizes=\"(max-width: 500px) 100vw, 500px\" \/><\/figure>\n<\/div>\n\n\n\n<div class=\"wp-block-column is-layout-flow wp-block-column-is-layout-flow\">\n<figure class=\"wp-block-image size-full\"><a href=\"https:\/\/www.redhat.com\/fr\" target=\"_blank\" rel=\"noreferrer noopener\"><img loading=\"lazy\" decoding=\"async\" width=\"500\" height=\"400\" src=\"https:\/\/assises.csiesr.eu\/2023\/wp-content\/uploads\/sites\/2\/2023\/03\/mongodb.png\" alt=\"MongoDB\" class=\"wp-image-1019\" srcset=\"https:\/\/assises.csiesr.eu\/2023\/wp-content\/uploads\/sites\/2\/2023\/03\/mongodb.png 500w, https:\/\/assises.csiesr.eu\/2023\/wp-content\/uploads\/sites\/2\/2023\/03\/mongodb-300x240.png 300w\" sizes=\"(max-width: 500px) 100vw, 500px\" \/><\/a><\/figure>\n<\/div>\n\n\n\n<div class=\"wp-block-column is-layout-flow wp-block-column-is-layout-flow\">\n<figure class=\"wp-block-image size-full\"><a href=\"https:\/\/solutions.srci.fr\/\" target=\"_blank\" rel=\"noreferrer noopener\"><img loading=\"lazy\" decoding=\"async\" width=\"500\" height=\"400\" src=\"https:\/\/assises.csiesr.eu\/2023\/wp-content\/uploads\/sites\/2\/2023\/03\/salviadeveloppement.png\" alt=\"SALVIA D\u00e9veloppement\" class=\"wp-image-1016\" srcset=\"https:\/\/assises.csiesr.eu\/2023\/wp-content\/uploads\/sites\/2\/2023\/03\/salviadeveloppement.png 500w, https:\/\/assises.csiesr.eu\/2023\/wp-content\/uploads\/sites\/2\/2023\/03\/salviadeveloppement-300x240.png 300w\" sizes=\"(max-width: 500px) 100vw, 500px\" \/><\/a><\/figure>\n<\/div>\n<\/div>\n\n\n\n<div class=\"wp-block-columns is-layout-flex wp-container-core-columns-is-layout-9d6595d7 wp-block-columns-is-layout-flex\">\n<div class=\"wp-block-column is-layout-flow wp-block-column-is-layout-flow\"><\/div>\n\n\n\n<div class=\"wp-block-column is-layout-flow wp-block-column-is-layout-flow\">\n<figure class=\"wp-block-image size-full\"><a href=\"https:\/\/www.ubicast.eu\/fr\/\" target=\"_blank\" rel=\"noreferrer noopener\"><img loading=\"lazy\" decoding=\"async\" width=\"500\" height=\"400\" src=\"https:\/\/assises.csiesr.eu\/2023\/wp-content\/uploads\/sites\/2\/2023\/03\/ubicast.png\" alt=\"UBICAST\" class=\"wp-image-998\" srcset=\"https:\/\/assises.csiesr.eu\/2023\/wp-content\/uploads\/sites\/2\/2023\/03\/ubicast.png 500w, https:\/\/assises.csiesr.eu\/2023\/wp-content\/uploads\/sites\/2\/2023\/03\/ubicast-300x240.png 300w\" sizes=\"(max-width: 500px) 100vw, 500px\" \/><\/a><\/figure>\n<\/div>\n\n\n\n<div class=\"wp-block-column is-layout-flow wp-block-column-is-layout-flow\"><\/div>\n<\/div>\n","protected":false},"excerpt":{"rendered":"","protected":false},"author":1,"featured_media":0,"parent":0,"menu_order":0,"comment_status":"closed","ping_status":"closed","template":"page-templates\/template_fullwidth.php","meta":{"footnotes":""},"class_list":["post-544","page","type-page","status-publish","hentry","col-lg-4 col-md-6"],"_links":{"self":[{"href":"https:\/\/assises.csiesr.eu\/2023\/wp-json\/wp\/v2\/pages\/544","targetHints":{"allow":["GET"]}}],"collection":[{"href":"https:\/\/assises.csiesr.eu\/2023\/wp-json\/wp\/v2\/pages"}],"about":[{"href":"https:\/\/assises.csiesr.eu\/2023\/wp-json\/wp\/v2\/types\/page"}],"author":[{"embeddable":true,"href":"https:\/\/assises.csiesr.eu\/2023\/wp-json\/wp\/v2\/users\/1"}],"replies":[{"embeddable":true,"href":"https:\/\/assises.csiesr.eu\/2023\/wp-json\/wp\/v2\/comments?post=544"}],"version-history":[{"count":17,"href":"https:\/\/assises.csiesr.eu\/2023\/wp-json\/wp\/v2\/pages\/544\/revisions"}],"predecessor-version":[{"id":1179,"href":"https:\/\/assises.csiesr.eu\/2023\/wp-json\/wp\/v2\/pages\/544\/revisions\/1179"}],"wp:attachment":[{"href":"https:\/\/assises.csiesr.eu\/2023\/wp-json\/wp\/v2\/media?parent=544"}],"curies":[{"name":"wp","href":"https:\/\/api.w.org\/{rel}","templated":true}]}}