{"id":451,"date":"2022-10-15T15:55:42","date_gmt":"2022-10-15T13:55:42","guid":{"rendered":"https:\/\/assises.csiesr.eu\/2023\/?page_id=451"},"modified":"2023-03-02T14:34:20","modified_gmt":"2023-03-02T13:34:20","slug":"comite-de-programme","status":"publish","type":"page","link":"https:\/\/assises.csiesr.eu\/2023\/accueil\/comite-de-programme\/","title":{"rendered":"Comit\u00e9 de programme"},"content":{"rendered":"\n<p id=\"h.p_804RZMFJXz3g\">Le Comit\u00e9 de&nbsp;<a href=\"https:\/\/assises.csiesr.eu\/2023\/index.php\/programme\/\">programme des Assises<\/a>&nbsp;est compos\u00e9 de :<\/p>\n\n\n\n<ul class=\"wp-block-list\">\n<li>B\u00e9atrice Bastier &#8211; Directrice des Syst\u00e8mes d&#8217;Information Universit\u00e9 Toulouse 3 &#8211; Paul Sabatier<\/li>\n\n\n\n<li>Julien Dupr\u00e9 &#8211; Directeur du Num\u00e9rique adjoint de l&#8217;Universit\u00e9 de Strasbourg<\/li>\n\n\n\n<li>Florent Fareneau &#8211; Directeur du Num\u00e9rique de l&#8217;UPHF<\/li>\n\n\n\n<li>Yannick Monclin &#8211; Directeur du Num\u00e9rique adjoint de l&#8217;Universit\u00e9 de Reims<\/li>\n\n\n\n<li>David Rongeat &#8211; AMUE<\/li>\n\n\n\n<li>Arnaud Saint-Georges &#8211; Directeur du Syst\u00e8me d&#8217;Information &#8211; UR2<\/li>\n\n\n\n<li>Benjamin Seclier &#8211; Administrateur syst\u00e8mes \u00e0 L&#8217;Universit\u00e9 de Lorraine<\/li>\n\n\n\n<li>Emmanuelle Vivier &#8211; DSI UPJV. Pr\u00e9sidente du CSIESR<\/li>\n\n\n\n<li>Eric Cherel &#8211; Chief Information Officer &#8211; Learning Planet Institute<\/li>\n<\/ul>\n\n\n\n<p>Le Comit\u00e9 de Programme \u00e9labore le contenu des assises afin de proposer un programme de qualit\u00e9 pour les membres du CSIESR.<\/p>\n\n\n\n<p id=\"h.p_RHpjNXWLYGKc\">\u00e9crire au comit\u00e9 de programme : <a href=\"mailto:assises-prog@csiesr.eu\">assises-prog@csiesr.eu<\/a><\/p>\n","protected":false},"excerpt":{"rendered":"<p>Le Comit\u00e9 de&nbsp;programme des Assises&nbsp;est compos\u00e9 de : Le Comit\u00e9 de Programme \u00e9labore le contenu des assises afin de proposer [&hellip;]<\/p>\n","protected":false},"author":1,"featured_media":0,"parent":225,"menu_order":0,"comment_status":"closed","ping_status":"closed","template":"page-templates\/template_fullwidth.php","meta":{"footnotes":""},"class_list":["post-451","page","type-page","status-publish","hentry","col-lg-4 col-md-6"],"_links":{"self":[{"href":"https:\/\/assises.csiesr.eu\/2023\/wp-json\/wp\/v2\/pages\/451","targetHints":{"allow":["GET"]}}],"collection":[{"href":"https:\/\/assises.csiesr.eu\/2023\/wp-json\/wp\/v2\/pages"}],"about":[{"href":"https:\/\/assises.csiesr.eu\/2023\/wp-json\/wp\/v2\/types\/page"}],"author":[{"embeddable":true,"href":"https:\/\/assises.csiesr.eu\/2023\/wp-json\/wp\/v2\/users\/1"}],"replies":[{"embeddable":true,"href":"https:\/\/assises.csiesr.eu\/2023\/wp-json\/wp\/v2\/comments?post=451"}],"version-history":[{"count":5,"href":"https:\/\/assises.csiesr.eu\/2023\/wp-json\/wp\/v2\/pages\/451\/revisions"}],"predecessor-version":[{"id":953,"href":"https:\/\/assises.csiesr.eu\/2023\/wp-json\/wp\/v2\/pages\/451\/revisions\/953"}],"up":[{"embeddable":true,"href":"https:\/\/assises.csiesr.eu\/2023\/wp-json\/wp\/v2\/pages\/225"}],"wp:attachment":[{"href":"https:\/\/assises.csiesr.eu\/2023\/wp-json\/wp\/v2\/media?parent=451"}],"curies":[{"name":"wp","href":"https:\/\/api.w.org\/{rel}","templated":true}]}}