{"id":29,"date":"2019-11-27T09:02:37","date_gmt":"2019-11-27T08:02:37","guid":{"rendered":"http:\/\/assises-new.csiesr.eu\/?page_id=29"},"modified":"2022-03-03T21:40:57","modified_gmt":"2022-03-03T20:40:57","slug":"appel-a-contribution","status":"publish","type":"page","link":"https:\/\/assises.csiesr.eu\/2022\/appel-a-contribution\/","title":{"rendered":"Appel \u00e0 contribution"},"content":{"rendered":"<p>[vc_row][vc_column][vc_column_text]<\/p>\n<section id=\"h.p_JVJ0gkLVY0i6\" class=\"yaqOZd\">\n<div class=\"mYVXT\">\n<div class=\"LS81yb VICjCf\" tabindex=\"-1\">\n<div class=\"hJDwNd-AhqUyc-uQSCkd purZT-AhqUyc-II5mzb pSzOP-AhqUyc-qWD73c JNdkSc\">\n<div class=\"JNdkSc-SmKAyb\">\n<div class=\"\">\n<div class=\"oKdM2c Kzv0Me\">\n<div id=\"h.p_cTlG6FKVY0is\" class=\"hJDwNd-AhqUyc-uQSCkd jXK9ad D2fZ2 OjCsFc wHaque GNzUNc\">\n<div class=\"jXK9ad-SmKAyb\">\n<div class=\"tyJCtd mGzaTb baZpAe\">\n<p id=\"h.p_Et7_Af6UY0iz\" class=\"zfr3Q\">Les assises constituent une opportunit\u00e9 de pr\u00e9senter, d&rsquo;\u00e9changer et de discuter les aspects strat\u00e9giques, organisationnels, techniques et pratiques li\u00e9s aux technologies et aux services innovants mis en \u0153uvre dans les \u00e9tablissements publics.<\/p>\n<p id=\"h.p_PUlyNfjAY4HU\" class=\"zfr3Q\">Les contenus de ces contributions peuvent \u00eatre des \u00e9tudes prospectives, des approfondissements de technologies, des retours d&rsquo;exp\u00e9riences, des comptes rendus de projets, &#8230;<\/p>\n<p><b>Vos retours d&rsquo;exp\u00e9rience constituent un point fort de ce programme et nous vous proposons de soumettre vos pr\u00e9sentations selon 2 formats :<\/b><\/p>\n<ul>\n<li>Pr\u00e9sentation classique : 30\u2019 d\u2019intervention et questions<\/li>\n<li>Pr\u00e9sentation de type atelier : 10\u2019 d\u2019introduction + 30\u2019 d\u2019interactivit\u00e9<\/li>\n<\/ul>\n<p id=\"h.p_BFQIzgp_Y4HZ\" class=\"zfr3Q\">La langue de la conf\u00e9rence est le fran\u00e7ais.<\/p>\n<div class=\"TyBUR\">\n<h2>Comment d\u00e9poser une proposition ?<\/h2>\n<\/div>\n<p id=\"h.p_ps0vMR1UY4H6\" class=\"zfr3Q\">La date limite pour le d\u00e9p\u00f4t des propositions est d\u00e9pass\u00e9e.<\/p>\n<p id=\"h.p_Pm84f2sXY4H9\" class=\"zfr3Q\">Si la proposition est retenue, un r\u00e9sum\u00e9 (1 page A4 maximum) de l&rsquo;intervention doit \u00eatre envoy\u00e9 \u00e0 ce comit\u00e9. Tous les auteurs de proposition seront avertis de la suite donn\u00e9e. Les personnes qui souhaitent soumettre une proposition d&rsquo;intervention sont invit\u00e9es \u00e0 prendre connaissance des instructions aux auteurs.<\/p>\n<p id=\"h.p_GfPjglZBY4Ia\" class=\"zfr3Q\">Les pr\u00e9sentations d\u00e9finitives (au format \u00ab\u00a0pdf\u00a0\u00bb), accompagn\u00e9es de l&rsquo;accord des auteurs sign\u00e9, devront parvenir au Comit\u00e9 de programme imp\u00e9rativement avant la date indiqu\u00e9e ci-dessous.<\/p>\n<\/div>\n<\/div>\n<\/div>\n<\/div>\n<\/div>\n<\/div>\n<\/div>\n<\/div>\n<\/div>\n<\/section>\n<section id=\"h.p_fnAq7zrvZAqq\" class=\"yaqOZd WxWicb\">\n<div class=\"mYVXT\">\n<div class=\"LS81yb VICjCf\" tabindex=\"-1\">\n<div class=\"hJDwNd-AhqUyc-uQSCkd purZT-AhqUyc-II5mzb pSzOP-AhqUyc-qWD73c JNdkSc\">\n<div class=\"JNdkSc-SmKAyb\">\n<div class=\"\">\n<div class=\"oKdM2c Kzv0Me\">\n<div id=\"h.p_7sp4REHeZAqy\" class=\"hJDwNd-AhqUyc-uQSCkd jXK9ad D2fZ2 OjCsFc wHaque\">\n<div class=\"jXK9ad-SmKAyb\">\n<div class=\"tyJCtd baZpAe\">\n<div class=\"iwQgFb\" role=\"presentation\">\n<div>Nous comptons sur votre investissement pour enrichir le programme avec toute la diversit\u00e9 de vos projets num\u00e9riques.<\/div>\n<\/div>\n<\/div>\n<\/div>\n<\/div>\n<\/div>\n<\/div>\n<\/div>\n<\/div>\n<\/div>\n<\/div>\n<\/section>\n<section id=\"h.p_K1r88rREY7vz\" class=\"yaqOZd\">\n<div class=\"mYVXT\">\n<div class=\"LS81yb VICjCf\" tabindex=\"-1\">\n<div class=\"hJDwNd-AhqUyc-uQSCkd purZT-AhqUyc-II5mzb pSzOP-AhqUyc-qWD73c JNdkSc\">\n<div class=\"JNdkSc-SmKAyb\">\n<div class=\"\">\n<div class=\"oKdM2c Kzv0Me\">\n<div id=\"h.p_7T-IuMPQY7vp\" class=\"hJDwNd-AhqUyc-uQSCkd jXK9ad D2fZ2 OjCsFc wHaque GNzUNc\">\n<div class=\"jXK9ad-SmKAyb\">\n<p>Le planning complet des assises est <a href=\"https:\/\/assises.csiesr.eu\/2022\/#id-timeline\" target=\"_blank\" rel=\"noopener noreferrer\">sur cette page<\/a><\/p>\n<\/div>\n<\/div>\n<\/div>\n<\/div>\n<\/div>\n<\/div>\n<\/div>\n<\/div>\n<\/section>\n<p>[\/vc_column_text][\/vc_column][\/vc_row]<\/p>\n","protected":false},"excerpt":{"rendered":"<p>[vc_row][vc_column][vc_column_text] Les assises constituent une opportunit\u00e9 de pr\u00e9senter, d&rsquo;\u00e9changer et de discuter les aspects strat\u00e9giques, organisationnels, techniques et pratiques li\u00e9s aux technologies et aux services innovants mis en \u0153uvre dans les \u00e9tablissements publics. Les contenus de ces contributions peuvent \u00eatre des \u00e9tudes prospectives, des approfondissements&#8230;<\/p>\n","protected":false},"author":7,"featured_media":0,"parent":0,"menu_order":0,"comment_status":"closed","ping_status":"closed","template":"","meta":{"footnotes":""},"class_list":["post-29","page","type-page","status-publish","hentry"],"_links":{"self":[{"href":"https:\/\/assises.csiesr.eu\/2022\/wp-json\/wp\/v2\/pages\/29","targetHints":{"allow":["GET"]}}],"collection":[{"href":"https:\/\/assises.csiesr.eu\/2022\/wp-json\/wp\/v2\/pages"}],"about":[{"href":"https:\/\/assises.csiesr.eu\/2022\/wp-json\/wp\/v2\/types\/page"}],"author":[{"embeddable":true,"href":"https:\/\/assises.csiesr.eu\/2022\/wp-json\/wp\/v2\/users\/7"}],"replies":[{"embeddable":true,"href":"https:\/\/assises.csiesr.eu\/2022\/wp-json\/wp\/v2\/comments?post=29"}],"version-history":[{"count":1,"href":"https:\/\/assises.csiesr.eu\/2022\/wp-json\/wp\/v2\/pages\/29\/revisions"}],"predecessor-version":[{"id":849,"href":"https:\/\/assises.csiesr.eu\/2022\/wp-json\/wp\/v2\/pages\/29\/revisions\/849"}],"wp:attachment":[{"href":"https:\/\/assises.csiesr.eu\/2022\/wp-json\/wp\/v2\/media?parent=29"}],"curies":[{"name":"wp","href":"https:\/\/api.w.org\/{rel}","templated":true}]}}