{"id":30,"date":"2019-11-27T09:02:37","date_gmt":"2019-11-27T08:02:37","guid":{"rendered":"http:\/\/assises-new.csiesr.eu\/?page_id=30"},"modified":"2021-09-30T16:49:43","modified_gmt":"2021-09-30T14:49:43","slug":"pratique","status":"publish","type":"page","link":"https:\/\/assises.csiesr.eu\/2021\/pratique\/","title":{"rendered":"Pratique"},"content":{"rendered":"<p>[vc_row][vc_column width=\u00a0\u00bb1\/2&Prime;][vc_tta_pageable][vc_tta_section title=\u00a0\u00bbSection 2&Prime; tab_id=\u00a0\u00bb1576589952131-f44d371e-295f\u00a0\u00bb][\/vc_tta_section][\/vc_tta_pageable][vc_gmaps link=\u00a0\u00bb#E-8_JTNDaWZyYW1lJTIwc3JjJTNEJTIyaHR0cHMlM0ElMkYlMkZ3d3cuZ29vZ2xlLmNvbSUyRm1hcHMlMkZlbWJlZCUzRnBiJTNEJTIxMW0xOCUyMTFtMTIlMjExbTMlMjExZDI4ODYuODQ1NTM0MDUwMTk0NiUyMTJkNi45OTU1MzgzMTU0OTc2ODElMjEzZDQzLjY1MTM4MTk3OTEyMTQlMjEybTMlMjExZjAlMjEyZjAlMjEzZjAlMjEzbTIlMjExaTEwMjQlMjEyaTc2OCUyMTRmMTMuMSUyMTNtMyUyMTFtMiUyMTFzMHgxMmNjMjk1Mjg5MTVjN2UzJTI1M0EweGQyZTRmYTZiMTY1MjljZTElMjEyc0NsdWIlMjUyME1lZCUyNTIwT3BpbyUyNTIwZW4lMjUyMFByb3ZlbmNlJTIxNWUwJTIxM20yJTIxMXNmciUyMTJzZnIlMjE0djE1NzYxODAyNTM2NjclMjE1bTIlMjExc2ZyJTIxMnNmciUyMiUyMHdpZHRoJTNEJTIyNjAwJTIyJTIwaGVpZ2h0JTNEJTIyNDUwJTIyJTIwZnJhbWVib3JkZXIlM0QlMjIwJTIyJTIwc3R5bGUlM0QlMjJib3JkZXIlM0EwJTNCJTIyJTIwYWxsb3dmdWxsc2NyZWVuJTNEJTIyJTIyJTNFJTNDJTJGaWZyYW1lJTNF\u00a0\u00bb][\/vc_column][vc_column width=\u00a0\u00bb1\/2&Prime;][vc_tta_pageable][vc_tta_section title=\u00a0\u00bbSection 2&Prime; tab_id=\u00a0\u00bb1576590472161-47d60bc2-19be\u00a0\u00bb][\/vc_tta_section][\/vc_tta_pageable][vc_column_text]<\/p>\n<div class=\"oKdM2c\">\n<div id=\"h.p_snaayv2dvYoZ\" class=\"hJDwNd-AhqUyc-qWD73c jXK9ad D2fZ2 wHaque GNzUNc\">\n<div class=\"jXK9ad-SmKAyb\">\n<div class=\"tyJCtd mGzaTb baZpAe\">\n<p id=\"h.p_mYeDbim0vYol\" class=\"zfr3Q\"><strong>Des navettes seront pr\u00e9sentes de l&rsquo;a\u00e9roport de Nice et de la gare SNCF de Cannes (temps estim\u00e9 \u00e0 40mn)<br \/>\n<\/strong><\/p>\n<p id=\"h.p_GiNrN0Mu0Ao2\" class=\"zfr3Q\"><strong>Lundi 11 octobre :<\/strong><\/p>\n<ul class=\"n8H08c UVNKR\">\n<li id=\"h.p_jrYjZQtRzjf8\" class=\"TYR86d zfr3Q\">Gare de Cannes d\u00e9part 12h, 13h<\/li>\n<li id=\"h.p_SlDIsih1zjgE\" class=\"TYR86d zfr3Q\">A\u00e9roport de Nice d\u00e9parts 11h, 12h, 13h<\/li>\n<\/ul>\n<p id=\"h.p_3yx5v_WHzjga\" class=\"zfr3Q\"><strong>D&rsquo;OPIO jeudi 14 octobre : <\/strong><\/p>\n<ul class=\"n8H08c UVNKR\">\n<li id=\"h.p_0ldFpALFzjgg\" class=\"TYR86d zfr3Q\">Gare de Cannes d\u00e9parts 14h<\/li>\n<li id=\"h.p_RiCtm89gzjgk\" class=\"TYR86d zfr3Q\">A\u00e9roport de Nice d\u00e9parts 12h, 14h<\/li>\n<\/ul>\n<\/div>\n<\/div>\n<\/div>\n<\/div>\n<p>[\/vc_column_text][\/vc_column][\/vc_row][vc_row overflow=\u00a0\u00bbdefault\u00a0\u00bb el_id=\u00a0\u00bbform-navette-csiesr\u00a0\u00bb][vc_column width=\u00a0\u00bb1\/2&Prime;][vc_column_text]<\/p>\n<div class=\"oKdM2c\">\n<div id=\"h.p_snaayv2dvYoZ\" class=\"hJDwNd-AhqUyc-qWD73c jXK9ad D2fZ2 wHaque GNzUNc\">\n<div class=\"jXK9ad-SmKAyb\">\n<div class=\"tyJCtd mGzaTb baZpAe\">\n<p><strong>CHEMIN CAMBARNIER-NORD &#8211; OPIO 06650<\/strong><\/p>\n<p><strong><em>En voiture :<br \/>\n<\/em><\/strong>GPS : N &#8211; 43\u00b0 39&prime;, 6.455\u00a0\u00bb \/ \u00a0\u00a0 E &#8211; 7\u00b0 0&prime; 5.235&Prime;\u00a0\u00bb<\/p>\n<p><strong><em>En train : www.oui.sncf<\/em><\/strong><br \/>\nLa gare la plus proche est \u00ab\u00a0Cannes\u00a0\u00bb<\/p>\n<p><strong><em>En avion :<\/em><\/strong><br \/>\nL&rsquo;a\u00e9roport le mieux desservi est NICE (1h25 de vol Paris-Nice, 1 vol toutes les 45mn environ)<\/p>\n<p>Des cars seront affr\u00e9t\u00e9s par le CSIESR au d\u00e9part\/\u00e0 destination de l&rsquo;a\u00e9roport de Nice et de la gare de Cannes. Afin de vous satisfaire au mieux, il est tr\u00e8s important que vous indiquiez vos heures et lieux d&rsquo;arriv\u00e9e\/d\u00e9part lors de votre inscription.<\/p>\n<\/div>\n<\/div>\n<\/div>\n<\/div>\n<p>&nbsp;<\/p>\n<footer aria-hidden=\"false\">\n<section id=\"h.s_i8f0gSBL5OrI\" class=\"yaqOZd\"><\/section>\n<\/footer>\n<p>[\/vc_column_text][\/vc_column][vc_column width=\u00a0\u00bb1\/2&Prime; overflow=\u00a0\u00bbdefault\u00a0\u00bb][vc_raw_html]JTNDaWZyYW1lJTIwc3JjJTNEJTIyaHR0cHMlM0ElMkYlMkZkb2NzLmdvb2dsZS5jb20lMkZmb3JtcyUyRmQlMkZlJTJGMUZBSXBRTFNmUFJrNlRiQVNvcjRmM1lVOGdXZWNDdDZydnJUd3ZnU1NIVHhiczVZX3Q5WGlVdUElMkZ2aWV3Zm9ybSUzRmVtYmVkZGVkJTNEdHJ1ZSUyMiUyMHdpZHRoJTNEJTIyNzAwJTIyJTIwaGVpZ2h0JTNEJTIyNTIwJTIyJTIwZnJhbWVib3JkZXIlM0QlMjIwJTIyJTIwbWFyZ2luaGVpZ2h0JTNEJTIyMCUyMiUyMG1hcmdpbndpZHRoJTNEJTIyMCUyMiUzRUNoYXJnZW1lbnQlRTIlODAlQTYlM0MlMkZpZnJhbWUlM0U=[\/vc_raw_html][\/vc_column][\/vc_row][vc_row overflow=\u00a0\u00bbdefault\u00a0\u00bb max_width=\u00a0\u00bb1040px\u00a0\u00bb css=\u00a0\u00bb.vc_custom_1578472812997{margin-bottom: 0px !important;padding-top: 80px !important;padding-bottom: 70px !important;}\u00a0\u00bb][vc_column]\r\n\r\n\t<div class=\"sh-heading sh-heading-style1\" id=\"heading-cCyPEz6uon\">\r\n\t\t<h2 class=\"sh-heading-content size-default\">\r\n\t\t\t<\/span>\n<h1 class=\"sh-heading-content size-l text-center\" style=\"text-align: center;\"><span style=\"font-size: 30px;\"><strong>Visualisez le programme sur votre smartphone<\/strong><\/span><\/h1>\n<span>\t\t<\/h2>\r\n\t<\/div>\r\n\r\n            <style type=\"text\/css\">\r\n                #heading-cCyPEz6uon .sh-heading-content {font-weight: 700!important;color: #505050;}            <\/style>\r\n        \r\n            \r\n            <div class=\"sh-empty-space vc_empty_space sh-empty-space-iKWJtMNjG6  \" style=\"height: 20px\">\r\n                <span class=\"vc_empty_space_inner\"><\/span>\r\n            <\/div>\r\n\r\n        \r\n<div id=\"divider-NzrCtlJsOe\" class=\"sh-divider sh-divider- sh-divider-content-none\">\r\n\t\t\t<div class=\"sh-divider-line\"><\/div>\r\n\t<\/div>\r\n            <style type=\"text\/css\">\r\n                #divider-NzrCtlJsOe {}#divider-NzrCtlJsOe.sh-divider-content-none .sh-divider-line {border-radius: 30px;border-top-width: 5px;border-top-color: #eaeaea;border-top-style: solid;max-width: 20px;}            <\/style>\r\n        \r\n            \r\n            <div class=\"sh-empty-space vc_empty_space sh-empty-space-g4ZNIowAeS  \" style=\"height: 20px\">\r\n                <span class=\"vc_empty_space_inner\"><\/span>\r\n            <\/div>\r\n\r\n        [vc_column_text]<\/p>\n<div class=\"wpb_text_column wpb_content_element \">\n<div class=\"wpb_wrapper\">\n<p><strong>Visualisez le programme sur votre smartphone<\/strong><br \/>\nL\u2019application conference4me vous permet de visualiser le programme des assises du CSIESR sur votre smartphone. Rendez-vous sur <a href=\"http:\/\/conference4me.eu\/download\">http:\/\/conference4me.eu\/download<\/a> ou recherchez conference4me dans Google Play, iTunes App Store or Windows Phone Store.<\/p>\n<p>Dans l\u2019application, recherchez ensuite les assises du CSIESR.<\/p>\n<\/div>\n<\/div>\n<p style=\"text-align: center;\"><span style=\"color: #8d8d8d; font-size: 16px;\">\u00a0<\/span><\/p>\n<p>[\/vc_column_text]\r\n            \r\n            <div class=\"sh-empty-space vc_empty_space sh-empty-space-Ci8g32sNvm  \" style=\"height: 15px\">\r\n                <span class=\"vc_empty_space_inner\"><\/span>\r\n            <\/div>\r\n\r\n        [\/vc_column][\/vc_row][vc_row][vc_column][\/vc_column][\/vc_row]<\/p>\n","protected":false},"excerpt":{"rendered":"<p>[vc_row][vc_column width=\u00a0\u00bb1\/2&Prime;][vc_tta_pageable][vc_tta_section title=\u00a0\u00bbSection 2&Prime; tab_id=\u00a0\u00bb1576589952131-f44d371e-295f\u00a0\u00bb][\/vc_tta_section][\/vc_tta_pageable][vc_gmaps link=\u00a0\u00bb#E-8_JTNDaWZyYW1lJTIwc3JjJTNEJTIyaHR0cHMlM0ElMkYlMkZ3d3cuZ29vZ2xlLmNvbSUyRm1hcHMlMkZlbWJlZCUzRnBiJTNEJTIxMW0xOCUyMTFtMTIlMjExbTMlMjExZDI4ODYuODQ1NTM0MDUwMTk0NiUyMTJkNi45OTU1MzgzMTU0OTc2ODElMjEzZDQzLjY1MTM4MTk3OTEyMTQlMjEybTMlMjExZjAlMjEyZjAlMjEzZjAlMjEzbTIlMjExaTEwMjQlMjEyaTc2OCUyMTRmMTMuMSUyMTNtMyUyMTFtMiUyMTFzMHgxMmNjMjk1Mjg5MTVjN2UzJTI1M0EweGQyZTRmYTZiMTY1MjljZTElMjEyc0NsdWIlMjUyME1lZCUyNTIwT3BpbyUyNTIwZW4lMjUyMFByb3ZlbmNlJTIxNWUwJTIxM20yJTIxMXNmciUyMTJzZnIlMjE0djE1NzYxODAyNTM2NjclMjE1bTIlMjExc2ZyJTIxMnNmciUyMiUyMHdpZHRoJTNEJTIyNjAwJTIyJTIwaGVpZ2h0JTNEJTIyNDUwJTIyJTIwZnJhbWVib3JkZXIlM0QlMjIwJTIyJTIwc3R5bGUlM0QlMjJib3JkZXIlM0EwJTNCJTIyJTIwYWxsb3dmdWxsc2NyZWVuJTNEJTIyJTIyJTNFJTNDJTJGaWZyYW1lJTNF\u00a0\u00bb][\/vc_column][vc_column width=\u00a0\u00bb1\/2&Prime;][vc_tta_pageable][vc_tta_section title=\u00a0\u00bbSection 2&Prime; tab_id=\u00a0\u00bb1576590472161-47d60bc2-19be\u00a0\u00bb][\/vc_tta_section][\/vc_tta_pageable][vc_column_text] Des navettes seront pr\u00e9sentes de l&rsquo;a\u00e9roport de Nice et de la gare SNCF de Cannes (temps estim\u00e9 \u00e0 40mn) Lundi 11 octobre : Gare de Cannes d\u00e9part 12h, 13h A\u00e9roport de Nice d\u00e9parts 11h, 12h,&#8230;<\/p>\n","protected":false},"author":7,"featured_media":0,"parent":0,"menu_order":0,"comment_status":"closed","ping_status":"closed","template":"","meta":{"footnotes":""},"class_list":["post-30","page","type-page","status-publish","hentry"],"_links":{"self":[{"href":"https:\/\/assises.csiesr.eu\/2021\/wp-json\/wp\/v2\/pages\/30","targetHints":{"allow":["GET"]}}],"collection":[{"href":"https:\/\/assises.csiesr.eu\/2021\/wp-json\/wp\/v2\/pages"}],"about":[{"href":"https:\/\/assises.csiesr.eu\/2021\/wp-json\/wp\/v2\/types\/page"}],"author":[{"embeddable":true,"href":"https:\/\/assises.csiesr.eu\/2021\/wp-json\/wp\/v2\/users\/7"}],"replies":[{"embeddable":true,"href":"https:\/\/assises.csiesr.eu\/2021\/wp-json\/wp\/v2\/comments?post=30"}],"version-history":[{"count":0,"href":"https:\/\/assises.csiesr.eu\/2021\/wp-json\/wp\/v2\/pages\/30\/revisions"}],"wp:attachment":[{"href":"https:\/\/assises.csiesr.eu\/2021\/wp-json\/wp\/v2\/media?parent=30"}],"curies":[{"name":"wp","href":"https:\/\/api.w.org\/{rel}","templated":true}]}}