{"id":28,"date":"2019-11-27T09:02:37","date_gmt":"2019-11-27T08:02:37","guid":{"rendered":"http:\/\/assises-new.csiesr.eu\/?page_id=28"},"modified":"2021-09-17T17:15:34","modified_gmt":"2021-09-17T15:15:34","slug":"inscription-partenaires","status":"publish","type":"page","link":"https:\/\/assises.csiesr.eu\/2021\/inscription-partenaires\/","title":{"rendered":"Inscriptions Partenaires"},"content":{"rendered":"<p>[vc_row][vc_column width=\u00a0\u00bb1\/2&Prime;][vc_message color=\u00a0\u00bbwarning\u00a0\u00bb message_box_color=\u00a0\u00bbwarning\u00a0\u00bb icon_fontawesome=\u00a0\u00bbfas fa-exclamation-triangle\u00a0\u00bb]Les inscriptions sont closes.[\/vc_message][\/vc_column][vc_column width=\u00a0\u00bb1\/2&Prime;][vc_column_text]<\/p>\n<p id=\"h.p_9dIE9ck7wAzJ\" class=\"zfr3Q\"><strong>Les inscriptions ne sont pas ouvertes<br \/>\n<\/strong><\/p>\n<p id=\"h.p_Z40qMRrhHde4\" class=\"zfr3Q\"><strong>Pour toutes questions :\u00a0<a class=\"dhtgD aw5Odc\" href=\"mailto:gestion@csiesr.eu\" target=\"_blank\" rel=\"noopener noreferrer\">gestion@csiesr.eu\u00a0<\/a><\/strong><strong>ou <a href=\"mailto:assises.contact@csiesr.eu\">assises.contact@csiesr.eu <\/a><\/strong><\/p>\n<p class=\"zfr3Q\"><strong>Important : les r\u00e9servations ne deviennent inscriptions qu\u2019\u00e0 r\u00e9ception du paiement ou du bon de commande.<\/strong><\/p>\n<p id=\"h.p_lJhEbF_kvczl\" class=\"zfr3Q\">L&rsquo;inscription inclut l&rsquo;acc\u00e8s aux conf\u00e9rences, l&rsquo;h\u00e9bergement en pension compl\u00e8te (le cas \u00e9ch\u00e9ant), les pauses-caf\u00e9, du lundi 11 midi au jeudi 14 octobre midi compris.<\/p>\n<p id=\"h.p_h9HPI6UAvczn\" class=\"zfr3Q\"><strong>Partenaires<\/strong><\/p>\n<ul class=\"n8H08c UVNKR\">\n<li id=\"h.p_FUimCLkKvczp\" class=\"TYR86d zfr3Q\">S\u00e9jour avec chambre : <strong>858 \u20ac<br \/>\n<\/strong><\/li>\n<li id=\"h.p_PkHQru1evczq\" class=\"TYR86d zfr3Q\">S\u00e9jour sans chambre : <strong>506 \u20ac\u00a0 <\/strong>(d\u00eeners non compris, <code class=\"qM9fHf\">d\u00e9part du centre tous les soirs avant 18h00<\/code>)<\/li>\n<\/ul>\n<p id=\"h.p_I_raMhQcvczr\" class=\"zfr3Q\"><em>Tous les tarifs sont indiqu\u00e9s TTC (<strong>TVA incluse de 10%<\/strong>).<\/em><br \/>\nCes tarifs sont\u00a0<strong>indivisibles.<\/strong><\/p>\n<p id=\"h.p_ZOdtia7rvczs\" class=\"zfr3Q\">Ils ne comprennent pas les frais de transport, de stationnement, les consommations individuelles ou extras.<\/p>\n<p id=\"h.p__PNfqdy1vczt\" class=\"zfr3Q\">Toute annulation tardive entra\u00eene la facturation de frais de gestion de 50 \u20ac pour traitement administratif.<\/p>\n<p id=\"h.p_xk1FlHOpoWH6\" class=\"zfr3Q\">Vous pouvez utiliser le <a href=\"https:\/\/assises.csiesr.eu\/2021\/pratique\/#form-navette-csiesr\" target=\"_blank\" rel=\"noopener noreferrer\">formulaire con\u00e7u\u00a0 pour organiser les navettes dans la page pratique<\/a><\/p>\n<p class=\"zfr3Q\"><em>Ce formulaire est valable pour l\u2019inscription des assises du CSIESR 2021<\/em><br \/>\n<em>La pr\u00e9sidence du CSIESR s\u2019engage \u00e0 ce que les donn\u00e9es collect\u00e9es :<\/em><br \/>\n<em>\u00a0 \u2013 patronyme, <\/em><br \/>\n<em>\u00a0 \u2013 courriel professionnel,<\/em><br \/>\n<em>\u00a0 \u2013 \u00e9tablissement,<\/em><br \/>\n<em>\u00a0 \u2013 adresse professionnelle<\/em><br \/>\n<em>soient uniquement utilis\u00e9es pour la gestion des assises<\/em><\/p>\n<p>[\/vc_column_text][\/vc_column][\/vc_row]<\/p>\n","protected":false},"excerpt":{"rendered":"<p>[vc_row][vc_column width=\u00a0\u00bb1\/2&Prime;][vc_message color=\u00a0\u00bbwarning\u00a0\u00bb message_box_color=\u00a0\u00bbwarning\u00a0\u00bb icon_fontawesome=\u00a0\u00bbfas fa-exclamation-triangle\u00a0\u00bb]Les inscriptions sont closes.[\/vc_message][\/vc_column][vc_column width=\u00a0\u00bb1\/2&Prime;][vc_column_text] Les inscriptions ne sont pas ouvertes Pour toutes questions :\u00a0gestion@csiesr.eu\u00a0ou assises.contact@csiesr.eu Important : les r\u00e9servations ne deviennent inscriptions qu\u2019\u00e0 r\u00e9ception du paiement ou du bon de commande. L&rsquo;inscription inclut l&rsquo;acc\u00e8s aux conf\u00e9rences, l&rsquo;h\u00e9bergement en pension&#8230;<\/p>\n","protected":false},"author":7,"featured_media":0,"parent":0,"menu_order":0,"comment_status":"closed","ping_status":"closed","template":"","meta":{"footnotes":""},"class_list":["post-28","page","type-page","status-publish","hentry"],"_links":{"self":[{"href":"https:\/\/assises.csiesr.eu\/2021\/wp-json\/wp\/v2\/pages\/28","targetHints":{"allow":["GET"]}}],"collection":[{"href":"https:\/\/assises.csiesr.eu\/2021\/wp-json\/wp\/v2\/pages"}],"about":[{"href":"https:\/\/assises.csiesr.eu\/2021\/wp-json\/wp\/v2\/types\/page"}],"author":[{"embeddable":true,"href":"https:\/\/assises.csiesr.eu\/2021\/wp-json\/wp\/v2\/users\/7"}],"replies":[{"embeddable":true,"href":"https:\/\/assises.csiesr.eu\/2021\/wp-json\/wp\/v2\/comments?post=28"}],"version-history":[{"count":0,"href":"https:\/\/assises.csiesr.eu\/2021\/wp-json\/wp\/v2\/pages\/28\/revisions"}],"wp:attachment":[{"href":"https:\/\/assises.csiesr.eu\/2021\/wp-json\/wp\/v2\/media?parent=28"}],"curies":[{"name":"wp","href":"https:\/\/api.w.org\/{rel}","templated":true}]}}