{"id":120,"date":"2019-12-12T20:39:00","date_gmt":"2019-12-12T19:39:00","guid":{"rendered":"http:\/\/assises-new.csiesr.eu\/?page_id=120"},"modified":"2021-09-30T18:27:25","modified_gmt":"2021-09-30T16:27:25","slug":"nos-partenaires","status":"publish","type":"page","link":"https:\/\/assises.csiesr.eu\/2021\/nos-partenaires\/","title":{"rendered":"Nos partenaires"},"content":{"rendered":"<p>[vc_row][vc_column width=\u00a0\u00bb1\/3&Prime;][vc_column_text]<a title=\"Visiter le site de Ametys campus (nouvelle fen\u00eatre)\" href=\"https:\/\/www.ametys.org\/campus\/fr\/index.html\" target=\"_blank\" rel=\"noopener\"><img loading=\"lazy\" decoding=\"async\" class=\"alignnone size-medium wp-image-728\" src=\"https:\/\/assises.csiesr.eu\/2021\/wp-content\/uploads\/sites\/4\/2019\/11\/02_ametys_campus-300x240.png\" alt=\"Ametys campus\" width=\"300\" height=\"240\" srcset=\"https:\/\/assises.csiesr.eu\/2021\/wp-content\/uploads\/sites\/4\/2019\/11\/02_ametys_campus-300x240.png 300w, https:\/\/assises.csiesr.eu\/2021\/wp-content\/uploads\/sites\/4\/2019\/11\/02_ametys_campus.png 500w\" sizes=\"auto, (max-width: 300px) 100vw, 300px\" \/><\/a>[\/vc_column_text][\/vc_column][vc_column width=\u00a0\u00bb1\/3&Prime;][vc_column_text]<a title=\"Visiter le site de appscho (nouvelle fen\u00eatre)\" href=\"https:\/\/appscho.com\/\" target=\"_blank\" rel=\"noopener\"><img loading=\"lazy\" decoding=\"async\" class=\"alignnone size-medium wp-image-729\" src=\"https:\/\/assises.csiesr.eu\/2021\/wp-content\/uploads\/sites\/4\/2019\/11\/02-AppScho-Logo-fond-clair-300x240.png\" alt=\"appscho\" width=\"300\" height=\"240\" srcset=\"https:\/\/assises.csiesr.eu\/2021\/wp-content\/uploads\/sites\/4\/2019\/11\/02-AppScho-Logo-fond-clair-300x240.png 300w, https:\/\/assises.csiesr.eu\/2021\/wp-content\/uploads\/sites\/4\/2019\/11\/02-AppScho-Logo-fond-clair.png 500w\" sizes=\"auto, (max-width: 300px) 100vw, 300px\" \/><\/a>[\/vc_column_text][\/vc_column][vc_column width=\u00a0\u00bb1\/3&Prime;][vc_column_text]<a title=\"Visiter le site de ATEMPO (nouvelle fen\u00eatre)\" href=\"https:\/\/www.atempo.com\/fr\/\" target=\"_blank\" rel=\"noopener\"><img loading=\"lazy\" decoding=\"async\" class=\"alignnone size-medium wp-image-730\" src=\"https:\/\/assises.csiesr.eu\/2021\/wp-content\/uploads\/sites\/4\/2019\/11\/03-Atempo_Logo-CMJN820190101-300x240.jpg\" alt=\"ATEMPO preserving data ecosystems\" width=\"300\" height=\"240\" srcset=\"https:\/\/assises.csiesr.eu\/2021\/wp-content\/uploads\/sites\/4\/2019\/11\/03-Atempo_Logo-CMJN820190101-300x240.jpg 300w, https:\/\/assises.csiesr.eu\/2021\/wp-content\/uploads\/sites\/4\/2019\/11\/03-Atempo_Logo-CMJN820190101.jpg 500w\" sizes=\"auto, (max-width: 300px) 100vw, 300px\" \/><\/a>[\/vc_column_text][\/vc_column][\/vc_row][vc_row][vc_column width=\u00a0\u00bb1\/3&Prime;][vc_column_text]<a title=\"Visiter le site de cegape (nouvelle fen\u00eatre)\" href=\"https:\/\/www.cegape.fr\/\" target=\"_blank\" rel=\"noopener\"><img loading=\"lazy\" decoding=\"async\" class=\"alignnone size-medium wp-image-731\" src=\"https:\/\/assises.csiesr.eu\/2021\/wp-content\/uploads\/sites\/4\/2019\/11\/05-CEGAPE-300x240.png\" alt=\"cegape\" width=\"300\" height=\"240\" srcset=\"https:\/\/assises.csiesr.eu\/2021\/wp-content\/uploads\/sites\/4\/2019\/11\/05-CEGAPE-300x240.png 300w, https:\/\/assises.csiesr.eu\/2021\/wp-content\/uploads\/sites\/4\/2019\/11\/05-CEGAPE.png 500w\" sizes=\"auto, (max-width: 300px) 100vw, 300px\" \/><\/a>[\/vc_column_text][\/vc_column][vc_column width=\u00a0\u00bb1\/3&Prime;][vc_column_text]<a title=\"Visiter le site de Dawan (nouvelle fen\u00eatre)\" href=\"https:\/\/dawan.fr\/\" target=\"_blank\" rel=\"noopener\"><img loading=\"lazy\" decoding=\"async\" class=\"alignnone size-medium wp-image-732\" src=\"https:\/\/assises.csiesr.eu\/2021\/wp-content\/uploads\/sites\/4\/2019\/11\/07-Dawan_185x187-300x240.png\" alt=\"Dawan, training is our way\" width=\"300\" height=\"240\" srcset=\"https:\/\/assises.csiesr.eu\/2021\/wp-content\/uploads\/sites\/4\/2019\/11\/07-Dawan_185x187-300x240.png 300w, https:\/\/assises.csiesr.eu\/2021\/wp-content\/uploads\/sites\/4\/2019\/11\/07-Dawan_185x187.png 500w\" sizes=\"auto, (max-width: 300px) 100vw, 300px\" \/><\/a>[\/vc_column_text][\/vc_column][vc_column width=\u00a0\u00bb1\/3&Prime;][vc_column_text]<a title=\"Visiter le site de EDUNEO (nouvelle fen\u00eatre)\" href=\"https:\/\/www.edunao.com\/\" target=\"_blank\" rel=\"noopener\"><img loading=\"lazy\" decoding=\"async\" class=\"alignnone size-medium wp-image-733\" src=\"https:\/\/assises.csiesr.eu\/2021\/wp-content\/uploads\/sites\/4\/2019\/11\/08-edunao_logo_L-8-300x240.png\" alt=\"EDUNAO, Education et technologies\" width=\"300\" height=\"240\" srcset=\"https:\/\/assises.csiesr.eu\/2021\/wp-content\/uploads\/sites\/4\/2019\/11\/08-edunao_logo_L-8-300x240.png 300w, https:\/\/assises.csiesr.eu\/2021\/wp-content\/uploads\/sites\/4\/2019\/11\/08-edunao_logo_L-8.png 500w\" sizes=\"auto, (max-width: 300px) 100vw, 300px\" \/><\/a>[\/vc_column_text][\/vc_column][\/vc_row][vc_row][vc_column width=\u00a0\u00bb1\/3&Prime;][vc_column_text]<a title=\"Visiter le site de Fusion Directory (nouvelle fen\u00eatre)\" href=\"https:\/\/www.fusiondirectory.org\/\" target=\"_blank\" rel=\"noopener\"><img loading=\"lazy\" decoding=\"async\" class=\"alignnone size-medium wp-image-734\" src=\"https:\/\/assises.csiesr.eu\/2021\/wp-content\/uploads\/sites\/4\/2019\/11\/09-Fusiondirectory-logo-noir-300x240.png\" alt=\"Fusion directory\" width=\"300\" height=\"240\" srcset=\"https:\/\/assises.csiesr.eu\/2021\/wp-content\/uploads\/sites\/4\/2019\/11\/09-Fusiondirectory-logo-noir-300x240.png 300w, https:\/\/assises.csiesr.eu\/2021\/wp-content\/uploads\/sites\/4\/2019\/11\/09-Fusiondirectory-logo-noir.png 500w\" sizes=\"auto, (max-width: 300px) 100vw, 300px\" \/><\/a>[\/vc_column_text][\/vc_column][vc_column width=\u00a0\u00bb1\/3&Prime;][vc_column_text]<a title=\"Visiter le site de Microsoft (nouvelle fen\u00eatre)\" href=\"https:\/\/www.microsoft.com\/fr-fr\" target=\"_blank\" rel=\"noopener\"><img loading=\"lazy\" decoding=\"async\" class=\"alignnone size-medium wp-image-735\" src=\"https:\/\/assises.csiesr.eu\/2021\/wp-content\/uploads\/sites\/4\/2019\/11\/13-Microsoft-logo_rgb_c-gray-300x240.png\" alt=\"Microsoft\" width=\"300\" height=\"240\" srcset=\"https:\/\/assises.csiesr.eu\/2021\/wp-content\/uploads\/sites\/4\/2019\/11\/13-Microsoft-logo_rgb_c-gray-300x240.png 300w, https:\/\/assises.csiesr.eu\/2021\/wp-content\/uploads\/sites\/4\/2019\/11\/13-Microsoft-logo_rgb_c-gray.png 500w\" sizes=\"auto, (max-width: 300px) 100vw, 300px\" \/><\/a>[\/vc_column_text][\/vc_column][vc_column width=\u00a0\u00bb1\/3&Prime;][vc_column_text]<a title=\"Visiter le site du groupe cap mon\u00e9tique (nouvelle fen\u00eatre)\" href=\"https:\/\/www.capmonetique.com\/\" target=\"_blank\" rel=\"noopener\"><img loading=\"lazy\" decoding=\"async\" class=\"alignnone size-medium wp-image-736\" src=\"https:\/\/assises.csiesr.eu\/2021\/wp-content\/uploads\/sites\/4\/2019\/11\/15-cap-monetique-HD-300x240.jpg\" alt=\"Groupe cap mon\u00e9tique, cr\u00e9ateur de systemes \u00e0 cartes\" width=\"300\" height=\"240\" srcset=\"https:\/\/assises.csiesr.eu\/2021\/wp-content\/uploads\/sites\/4\/2019\/11\/15-cap-monetique-HD-300x240.jpg 300w, https:\/\/assises.csiesr.eu\/2021\/wp-content\/uploads\/sites\/4\/2019\/11\/15-cap-monetique-HD.jpg 500w\" sizes=\"auto, (max-width: 300px) 100vw, 300px\" \/><\/a>[\/vc_column_text][\/vc_column][\/vc_row][vc_row][vc_column width=\u00a0\u00bb1\/3&Prime;][vc_column_text]<a title=\"Visiter le site de red hat (nouvelle fen\u00eatre)\" href=\"https:\/\/www.redhat.com\/fr\" target=\"_blank\" rel=\"noopener\"><img loading=\"lazy\" decoding=\"async\" class=\"alignnone size-medium wp-image-737\" src=\"https:\/\/assises.csiesr.eu\/2021\/wp-content\/uploads\/sites\/4\/2019\/11\/18redhat-300x240.jpg\" alt=\"red hat\" width=\"300\" height=\"240\" srcset=\"https:\/\/assises.csiesr.eu\/2021\/wp-content\/uploads\/sites\/4\/2019\/11\/18redhat-300x240.jpg 300w, https:\/\/assises.csiesr.eu\/2021\/wp-content\/uploads\/sites\/4\/2019\/11\/18redhat.jpg 500w\" sizes=\"auto, (max-width: 300px) 100vw, 300px\" \/><\/a>[\/vc_column_text][\/vc_column][vc_column width=\u00a0\u00bb1\/3&Prime;][vc_column_text]<a title=\"Visiter le site de Startx (nouvelle fen\u00eatre)\" href=\"http:\/\/www.startx.fr\/\" target=\"_blank\" rel=\"noopener\"><img loading=\"lazy\" decoding=\"async\" class=\"alignnone size-medium wp-image-738\" src=\"https:\/\/assises.csiesr.eu\/2021\/wp-content\/uploads\/sites\/4\/2019\/11\/18-STARTX_LOGO-300x240.png\" alt=\"STARTX\" width=\"300\" height=\"240\" srcset=\"https:\/\/assises.csiesr.eu\/2021\/wp-content\/uploads\/sites\/4\/2019\/11\/18-STARTX_LOGO-300x240.png 300w, https:\/\/assises.csiesr.eu\/2021\/wp-content\/uploads\/sites\/4\/2019\/11\/18-STARTX_LOGO.png 500w\" sizes=\"auto, (max-width: 300px) 100vw, 300px\" \/><\/a>[\/vc_column_text][\/vc_column][vc_column width=\u00a0\u00bb1\/3&Prime;][vc_column_text]<a title=\"Visiter le site de wisper (nouvelle fen\u00eatre)\" href=\"https:\/\/www.wisper.io\/fr\/\" target=\"_blank\" rel=\"noopener\"><img loading=\"lazy\" decoding=\"async\" class=\"alignnone size-medium wp-image-739\" src=\"https:\/\/assises.csiesr.eu\/2021\/wp-content\/uploads\/sites\/4\/2019\/11\/19-wisper-xivo-300x240.png\" alt=\"wisper\" width=\"300\" height=\"240\" srcset=\"https:\/\/assises.csiesr.eu\/2021\/wp-content\/uploads\/sites\/4\/2019\/11\/19-wisper-xivo-300x240.png 300w, https:\/\/assises.csiesr.eu\/2021\/wp-content\/uploads\/sites\/4\/2019\/11\/19-wisper-xivo.png 500w\" sizes=\"auto, (max-width: 300px) 100vw, 300px\" \/><\/a>[\/vc_column_text][\/vc_column][\/vc_row][vc_row][vc_column width=\u00a0\u00bb1\/3&Prime;][vc_column_text]<a title=\"Visiter le site de zextras (nouvelle fen\u00eatre)\" href=\"https:\/\/www.zextras.com\/fr\/\" target=\"_blank\" rel=\"noopener\"><img loading=\"lazy\" decoding=\"async\" class=\"alignnone size-medium wp-image-740\" src=\"https:\/\/assises.csiesr.eu\/2021\/wp-content\/uploads\/sites\/4\/2019\/11\/20_zextras-300x240.png\" alt=\"ZEXTRAS\" width=\"300\" height=\"240\" srcset=\"https:\/\/assises.csiesr.eu\/2021\/wp-content\/uploads\/sites\/4\/2019\/11\/20_zextras-300x240.png 300w, https:\/\/assises.csiesr.eu\/2021\/wp-content\/uploads\/sites\/4\/2019\/11\/20_zextras.png 500w\" sizes=\"auto, (max-width: 300px) 100vw, 300px\" \/><\/a>[\/vc_column_text][\/vc_column][vc_column width=\u00a0\u00bb1\/3&Prime;][vc_column_text]<a title=\"Visiter le site de Hewlett-Packard (nouvelle fen\u00eatre)\" href=\"https:\/\/www.hp.com\/fr-fr\/home.html\" target=\"_blank\" rel=\"noopener\"><img loading=\"lazy\" decoding=\"async\" class=\"alignnone size-medium wp-image-741\" src=\"https:\/\/assises.csiesr.eu\/2021\/wp-content\/uploads\/sites\/4\/2019\/11\/21-HP_Blue_RGB_150_MX-300x240.png\" alt=\"hp\" width=\"300\" height=\"240\" srcset=\"https:\/\/assises.csiesr.eu\/2021\/wp-content\/uploads\/sites\/4\/2019\/11\/21-HP_Blue_RGB_150_MX-300x240.png 300w, https:\/\/assises.csiesr.eu\/2021\/wp-content\/uploads\/sites\/4\/2019\/11\/21-HP_Blue_RGB_150_MX.png 500w\" sizes=\"auto, (max-width: 300px) 100vw, 300px\" \/><\/a>[\/vc_column_text][\/vc_column][vc_column width=\u00a0\u00bb1\/3&Prime;][vc_column_text]<a title=\"Visiter le site de CEO-Vision (nouvelle fen\u00eatre)\" href=\"https:\/\/www.ceo-vision.com\/fr\" target=\"_blank\" rel=\"noopener\"><img loading=\"lazy\" decoding=\"async\" class=\"alignnone size-medium wp-image-747\" src=\"https:\/\/assises.csiesr.eu\/2021\/wp-content\/uploads\/sites\/4\/2019\/11\/06-CEO-VISION_horizontal_a_v5_1-300x240.png\" alt=\"GoFAST de CEO-VISION S.A.S.\" width=\"300\" height=\"240\" srcset=\"https:\/\/assises.csiesr.eu\/2021\/wp-content\/uploads\/sites\/4\/2019\/11\/06-CEO-VISION_horizontal_a_v5_1-300x240.png 300w, https:\/\/assises.csiesr.eu\/2021\/wp-content\/uploads\/sites\/4\/2019\/11\/06-CEO-VISION_horizontal_a_v5_1.png 500w\" sizes=\"auto, (max-width: 300px) 100vw, 300px\" \/><\/a>[\/vc_column_text][\/vc_column][\/vc_row][vc_row][vc_column width=\u00a0\u00bb1\/3&Prime;][vc_column_text]<a title=\"Visiter le site de Jalios (nouvelle fen\u00eatre)\" href=\"https:\/\/www.jalios.com\/jcms\/j_6\/fr\/accueil\" target=\"_blank\" rel=\"noopener\"><img loading=\"lazy\" decoding=\"async\" class=\"alignnone size-medium wp-image-748\" src=\"https:\/\/assises.csiesr.eu\/2021\/wp-content\/uploads\/sites\/4\/2019\/11\/10-Jalios-300x240.png\" alt=\"JALIOS\" width=\"300\" height=\"240\" srcset=\"https:\/\/assises.csiesr.eu\/2021\/wp-content\/uploads\/sites\/4\/2019\/11\/10-Jalios-300x240.png 300w, https:\/\/assises.csiesr.eu\/2021\/wp-content\/uploads\/sites\/4\/2019\/11\/10-Jalios.png 500w\" sizes=\"auto, (max-width: 300px) 100vw, 300px\" \/><\/a>[\/vc_column_text][\/vc_column][vc_column width=\u00a0\u00bb1\/3&Prime;][vc_column_text]<a title=\"Visiter le site de Libriciel Scop (nouvelle fen\u00eatre)\" href=\"https:\/\/www.libriciel.fr\/\" target=\"_blank\" rel=\"noopener\"><img loading=\"lazy\" decoding=\"async\" class=\"alignnone size-medium wp-image-749\" src=\"https:\/\/assises.csiesr.eu\/2021\/wp-content\/uploads\/sites\/4\/2019\/11\/11-Libriciel_color-300x240.png\" alt=\"Libriciel scop\" width=\"300\" height=\"240\" srcset=\"https:\/\/assises.csiesr.eu\/2021\/wp-content\/uploads\/sites\/4\/2019\/11\/11-Libriciel_color-300x240.png 300w, https:\/\/assises.csiesr.eu\/2021\/wp-content\/uploads\/sites\/4\/2019\/11\/11-Libriciel_color.png 500w\" sizes=\"auto, (max-width: 300px) 100vw, 300px\" \/><\/a>[\/vc_column_text][\/vc_column][vc_column width=\u00a0\u00bb1\/3&Prime;][vc_column_text]<a title=\"Visiter le site de Linagora (nouvelle fen\u00eatre)\" href=\"https:\/\/www.linagora.com\/fr\/\" target=\"_blank\" rel=\"noopener\"><img loading=\"lazy\" decoding=\"async\" class=\"size-medium wp-image-750 aligncenter\" src=\"https:\/\/assises.csiesr.eu\/2021\/wp-content\/uploads\/sites\/4\/2019\/11\/12-Linagora-RedOutline-RVB-300x240.png\" alt=\"LINAGRORA\" width=\"300\" height=\"240\" srcset=\"https:\/\/assises.csiesr.eu\/2021\/wp-content\/uploads\/sites\/4\/2019\/11\/12-Linagora-RedOutline-RVB-300x240.png 300w, https:\/\/assises.csiesr.eu\/2021\/wp-content\/uploads\/sites\/4\/2019\/11\/12-Linagora-RedOutline-RVB.png 500w\" sizes=\"auto, (max-width: 300px) 100vw, 300px\" \/><\/a>[\/vc_column_text][\/vc_column][\/vc_row][vc_row][vc_column width=\u00a0\u00bb1\/3&Prime;][vc_column_text]<a title=\"Visiter le site de MindManager (nouvelle fen\u00eatre)\" href=\"https:\/\/www.mindmanager.com\/fr\/\" target=\"_blank\" rel=\"noopener\"><img loading=\"lazy\" decoding=\"async\" class=\"size-medium wp-image-751 aligncenter\" src=\"https:\/\/assises.csiesr.eu\/2021\/wp-content\/uploads\/sites\/4\/2019\/11\/14-mindmanager_blue_rgb-300x240.png\" alt=\"MindManager\" width=\"300\" height=\"240\" srcset=\"https:\/\/assises.csiesr.eu\/2021\/wp-content\/uploads\/sites\/4\/2019\/11\/14-mindmanager_blue_rgb-300x240.png 300w, https:\/\/assises.csiesr.eu\/2021\/wp-content\/uploads\/sites\/4\/2019\/11\/14-mindmanager_blue_rgb.png 500w\" sizes=\"auto, (max-width: 300px) 100vw, 300px\" \/><\/a>[\/vc_column_text][\/vc_column][vc_column width=\u00a0\u00bb1\/3&Prime;][vc_column_text]<a title=\"Visiter le site de Nutanix (nouvelle fen\u00eatre)\" href=\"https:\/\/www.nutanix.com\/fr\" target=\"_blank\" rel=\"noopener\"><img loading=\"lazy\" decoding=\"async\" class=\"alignnone size-medium wp-image-758\" src=\"https:\/\/assises.csiesr.eu\/2021\/wp-content\/uploads\/sites\/4\/2019\/11\/16-Nutanix_Color-300x240.png\" alt=\"Nutanix, your enterprise cloud\" width=\"300\" height=\"240\" srcset=\"https:\/\/assises.csiesr.eu\/2021\/wp-content\/uploads\/sites\/4\/2019\/11\/16-Nutanix_Color-300x240.png 300w, https:\/\/assises.csiesr.eu\/2021\/wp-content\/uploads\/sites\/4\/2019\/11\/16-Nutanix_Color.png 500w\" sizes=\"auto, (max-width: 300px) 100vw, 300px\" \/><\/a>[\/vc_column_text][\/vc_column][vc_column width=\u00a0\u00bb1\/3&Prime;][vc_column_text]<a title=\"Visiter le site de aptilink (nouvelle fen\u00eatre)\" href=\"https:\/\/www.aptilink.com\/\" target=\"_blank\" rel=\"noopener\"><img loading=\"lazy\" decoding=\"async\" class=\"alignnone wp-image-762 size-medium\" src=\"https:\/\/assises.csiesr.eu\/2021\/wp-content\/uploads\/sites\/4\/2019\/11\/04-aptilink-300x270.jpg\" alt=\"Aptilink Digital learning\" width=\"300\" height=\"270\" srcset=\"https:\/\/assises.csiesr.eu\/2021\/wp-content\/uploads\/sites\/4\/2019\/11\/04-aptilink-300x270.jpg 300w, https:\/\/assises.csiesr.eu\/2021\/wp-content\/uploads\/sites\/4\/2019\/11\/04-aptilink.jpg 500w\" sizes=\"auto, (max-width: 300px) 100vw, 300px\" \/><\/a>[\/vc_column_text][\/vc_column][\/vc_row][vc_row][vc_column width=\u00a0\u00bb1\/2&Prime;][vc_column_text]<a title=\"Visiter le site de blackboard (nouvelle fen\u00eatre)\" href=\"https:\/\/www.blackboard.com\/fr-fr\" target=\"_blank\" rel=\"noopener\"><img loading=\"lazy\" decoding=\"async\" class=\"size-medium wp-image-765 aligncenter\" src=\"https:\/\/assises.csiesr.eu\/2021\/wp-content\/uploads\/sites\/4\/2019\/11\/04-Blackboard_Logo_StdReg-300x240.png\" alt=\"\" width=\"300\" height=\"240\" srcset=\"https:\/\/assises.csiesr.eu\/2021\/wp-content\/uploads\/sites\/4\/2019\/11\/04-Blackboard_Logo_StdReg-300x240.png 300w, https:\/\/assises.csiesr.eu\/2021\/wp-content\/uploads\/sites\/4\/2019\/11\/04-Blackboard_Logo_StdReg.png 500w\" sizes=\"auto, (max-width: 300px) 100vw, 300px\" \/><\/a>[\/vc_column_text][\/vc_column][vc_column width=\u00a0\u00bb1\/2&Prime;][vc_column_text]<a title=\"Visiter le site de Panopto (nouvelle fen\u00eatre)\" href=\"https:\/\/www.panopto.com\/\" target=\"_blank\" rel=\"noopener\"><img loading=\"lazy\" decoding=\"async\" class=\"size-medium wp-image-769 aligncenter\" src=\"https:\/\/assises.csiesr.eu\/2021\/wp-content\/uploads\/sites\/4\/2019\/11\/Panopto-300x240.png\" alt=\"Panopto\" width=\"300\" height=\"240\" srcset=\"https:\/\/assises.csiesr.eu\/2021\/wp-content\/uploads\/sites\/4\/2019\/11\/Panopto-300x240.png 300w, https:\/\/assises.csiesr.eu\/2021\/wp-content\/uploads\/sites\/4\/2019\/11\/Panopto.png 500w\" sizes=\"auto, (max-width: 300px) 100vw, 300px\" \/><\/a>[\/vc_column_text][\/vc_column][\/vc_row][vc_row][vc_column][vc_empty_space][\/vc_column][\/vc_row][vc_row overflow=\u00a0\u00bbdefault\u00a0\u00bb el_id=\u00a0\u00bbRANGEE_PARTENAIRE2&Prime;][vc_column width=\u00a0\u00bb1\/2&Prime;]\r\n<div class=\"sh-team sh-team-style1 sh-team-social-overlay\" id=\"team-MrRPzjkWpF\">\r\n\t\r\n\t\t<div class=\"sh-team-image\">\r\n\t\t\t<a href=\"\" class=\"\" rel=\"lightbox\">\r\n\t\t\t\t\t\t\t\t\t<img decoding=\"async\" src=\"\" alt=\"\" \/>\r\n\t\t\t\t\t\t\t<\/a>\r\n\r\n\t\t\t\t\t\t\t<div class=\"sh-team-overlay\">\r\n\t\t\t\t\t\t\t\t\t<\/div>\r\n\t\t\t\t\t<\/div>\r\n\r\n\t\t<div class=\"sh-team-aside\">\r\n\t\t\t<div class=\"sh-team-name\">\r\n\t\t\t\t<h3>Contact<\/h3>\r\n\t\t\t<\/div>\r\n\t\t\t<div class=\"sh-team-role\">\r\n\t\t\t\tRelations Entreprises\t\t\t<\/div>\r\n\r\n\t\t\t\t\t\t\t<div class=\"sh-team-description\">\r\n\t\t\t\t\tG\u00e9rard Cicchelero, Harry Claisse.<\/p>\n<p>Pour toutes questions, pour devenir partenaire de cet \u00e9v\u00e9nement (150 DSI):<\/p>\n<p>assises.contact @ csiesr . eu<\/p>\n<p>&nbsp;<\/p>\n<p>Pour une r\u00e9servation : rendez vous sur la <a href=\"https:\/\/assises.csiesr.eu\/2021\/inscription-partenaires\/\" target=\"_blank\" rel=\"noopener noreferrer\">page inscription Partenaires<\/a>\t\t\t\t<\/div>\r\n\t\t\t\r\n\t\t\t\t\t<\/div>\r\n\r\n\t<\/div>\r\n            <style type=\"text\/css\">\r\n                #team-MrRPzjkWpF.sh-team-social-overlay .sh-team-icons {background-color: #47c9e5;}            <\/style>\r\n        [\/vc_column][vc_column width=\u00a0\u00bb1\/2&Prime;]\n<div class=\"wpcf7 no-js\" id=\"wpcf7-f277-o1\" lang=\"fr-FR\" dir=\"ltr\" data-wpcf7-id=\"277\">\n<div class=\"screen-reader-response\"><p role=\"status\" aria-live=\"polite\" aria-atomic=\"true\"><\/p> <ul><\/ul><\/div>\n<form action=\"\/2021\/wp-json\/wp\/v2\/pages\/120#wpcf7-f277-o1\" method=\"post\" class=\"wpcf7-form init\" aria-label=\"Formulaire de contact\" novalidate=\"novalidate\" data-status=\"init\">\n<fieldset class=\"hidden-fields-container\"><input type=\"hidden\" name=\"_wpcf7\" value=\"277\" \/><input type=\"hidden\" name=\"_wpcf7_version\" value=\"6.1.4\" \/><input type=\"hidden\" name=\"_wpcf7_locale\" value=\"fr_FR\" \/><input type=\"hidden\" name=\"_wpcf7_unit_tag\" value=\"wpcf7-f277-o1\" \/><input type=\"hidden\" name=\"_wpcf7_container_post\" value=\"0\" \/><input type=\"hidden\" name=\"_wpcf7_posted_data_hash\" value=\"\" \/>\n<\/fieldset>\n<div class=\"sh-cf7-body\"><p><label>* Nom de la soci\u00e9t\u00e9<br \/>\n<span class=\"wpcf7-form-control-wrap\" data-name=\"your-name\"><input size=\"40\" maxlength=\"400\" class=\"wpcf7-form-control wpcf7-text wpcf7-validates-as-required\" aria-required=\"true\" aria-invalid=\"false\" value=\"\" type=\"text\" name=\"your-name\" \/><\/span> <\/label>\n<\/p>\n<p><label>* Adresse de messagerie<br \/>\n<span class=\"wpcf7-form-control-wrap\" data-name=\"your-email\"><input size=\"40\" maxlength=\"400\" class=\"wpcf7-form-control wpcf7-email wpcf7-validates-as-required wpcf7-text wpcf7-validates-as-email\" aria-required=\"true\" aria-invalid=\"false\" value=\"\" type=\"email\" name=\"your-email\" \/><\/span> <\/label>\n<\/p>\n<p><label> Votre message<br \/>\n<span class=\"wpcf7-form-control-wrap\" data-name=\"your-message\"><textarea cols=\"40\" rows=\"10\" maxlength=\"2000\" class=\"wpcf7-form-control wpcf7-textarea\" aria-invalid=\"false\" name=\"your-message\"><\/textarea><\/span> <\/label>\n<\/p>\n<p><input class=\"wpcf7-form-control wpcf7-submit has-spinner\" type=\"submit\" value=\"Envoyer Une demande\" \/>\n<\/p><\/div><div class=\"wpcf7-response-output\" aria-hidden=\"true\"><\/div>\n<\/form>\n<\/div>\n[\/vc_column][\/vc_row]<\/p>\n","protected":false},"excerpt":{"rendered":"<p>[vc_row][vc_column width=\u00a0\u00bb1\/3&Prime;][vc_column_text][\/vc_column_text][\/vc_column][vc_column width=\u00a0\u00bb1\/3&Prime;][vc_column_text][\/vc_column_text][\/vc_column][vc_column width=\u00a0\u00bb1\/3&Prime;][vc_column_text][\/vc_column_text][\/vc_column][\/vc_row][vc_row][vc_column width=\u00a0\u00bb1\/3&Prime;][vc_column_text][\/vc_column_text][\/vc_column][vc_column width=\u00a0\u00bb1\/3&Prime;][vc_column_text][\/vc_column_text][\/vc_column][vc_column width=\u00a0\u00bb1\/3&Prime;][vc_column_text][\/vc_column_text][\/vc_column][\/vc_row][vc_row][vc_column width=\u00a0\u00bb1\/3&Prime;][vc_column_text][\/vc_column_text][\/vc_column][vc_column width=\u00a0\u00bb1\/3&Prime;][vc_column_text][\/vc_column_text][\/vc_column][vc_column width=\u00a0\u00bb1\/3&Prime;][vc_column_text][\/vc_column_text][\/vc_column][\/vc_row][vc_row][vc_column width=\u00a0\u00bb1\/3&Prime;][vc_column_text][\/vc_column_text][\/vc_column][vc_column width=\u00a0\u00bb1\/3&Prime;][vc_column_text][\/vc_column_text][\/vc_column][vc_column width=\u00a0\u00bb1\/3&Prime;][vc_column_text][\/vc_column_text][\/vc_column][\/vc_row][vc_row][vc_column width=\u00a0\u00bb1\/3&Prime;][vc_column_text][\/vc_column_text][\/vc_column][vc_column width=\u00a0\u00bb1\/3&Prime;][vc_column_text][\/vc_column_text][\/vc_column][vc_column width=\u00a0\u00bb1\/3&Prime;][vc_column_text][\/vc_column_text][\/vc_column][\/vc_row][vc_row][vc_column width=\u00a0\u00bb1\/3&Prime;][vc_column_text][\/vc_column_text][\/vc_column][vc_column width=\u00a0\u00bb1\/3&Prime;][vc_column_text][\/vc_column_text][\/vc_column][vc_column width=\u00a0\u00bb1\/3&Prime;][vc_column_text][\/vc_column_text][\/vc_column][\/vc_row][vc_row][vc_column width=\u00a0\u00bb1\/3&Prime;][vc_column_text][\/vc_column_text][\/vc_column][vc_column width=\u00a0\u00bb1\/3&Prime;][vc_column_text][\/vc_column_text][\/vc_column][vc_column width=\u00a0\u00bb1\/3&Prime;][vc_column_text][\/vc_column_text][\/vc_column][\/vc_row][vc_row][vc_column width=\u00a0\u00bb1\/2&Prime;][vc_column_text][\/vc_column_text][\/vc_column][vc_column width=\u00a0\u00bb1\/2&Prime;][vc_column_text][\/vc_column_text][\/vc_column][\/vc_row][vc_row][vc_column][vc_empty_space][\/vc_column][\/vc_row][vc_row overflow=\u00a0\u00bbdefault\u00a0\u00bb el_id=\u00a0\u00bbRANGEE_PARTENAIRE2&Prime;][vc_column width=\u00a0\u00bb1\/2&Prime;][\/vc_column][vc_column width=\u00a0\u00bb1\/2&Prime;][\/vc_column][\/vc_row]<\/p>\n","protected":false},"author":7,"featured_media":0,"parent":0,"menu_order":0,"comment_status":"closed","ping_status":"closed","template":"","meta":{"footnotes":""},"class_list":["post-120","page","type-page","status-publish","hentry"],"_links":{"self":[{"href":"https:\/\/assises.csiesr.eu\/2021\/wp-json\/wp\/v2\/pages\/120","targetHints":{"allow":["GET"]}}],"collection":[{"href":"https:\/\/assises.csiesr.eu\/2021\/wp-json\/wp\/v2\/pages"}],"about":[{"href":"https:\/\/assises.csiesr.eu\/2021\/wp-json\/wp\/v2\/types\/page"}],"author":[{"embeddable":true,"href":"https:\/\/assises.csiesr.eu\/2021\/wp-json\/wp\/v2\/users\/7"}],"replies":[{"embeddable":true,"href":"https:\/\/assises.csiesr.eu\/2021\/wp-json\/wp\/v2\/comments?post=120"}],"version-history":[{"count":0,"href":"https:\/\/assises.csiesr.eu\/2021\/wp-json\/wp\/v2\/pages\/120\/revisions"}],"wp:attachment":[{"href":"https:\/\/assises.csiesr.eu\/2021\/wp-json\/wp\/v2\/media?parent=120"}],"curies":[{"name":"wp","href":"https:\/\/api.w.org\/{rel}","templated":true}]}}